{"id":13673,"date":"2020-08-04T21:55:59","date_gmt":"2020-08-04T19:55:59","guid":{"rendered":"https:\/\/vinoradosti.cz\/vinoteka-na-namesti\/"},"modified":"2026-03-13T16:26:14","modified_gmt":"2026-03-13T15:26:14","slug":"vinoteka-na-namesti","status":"publish","type":"page","link":"https:\/\/www.vinoradosti.cz\/pl\/vinoteka-na-namesti\/","title":{"rendered":"Winiarnia na N\u00e1m\u011bst\u00ed"},"content":{"rendered":"<p>[et_pb_section fb_built=&#8221;1&#8243; _builder_version=&#8221;4.27.3&#8243; _module_preset=&#8221;default&#8221; global_colors_info=&#8221;{}&#8221;][et_pb_row _builder_version=&#8221;4.27.3&#8243; _module_preset=&#8221;default&#8221; global_colors_info=&#8221;{}&#8221;][et_pb_column type=&#8221;4_4&#8243; _builder_version=&#8221;4.27.3&#8243; _module_preset=&#8221;default&#8221; global_colors_info=&#8221;{}&#8221;][et_pb_text _builder_version=&#8221;4.27.3&#8243; _module_preset=&#8221;default&#8221; global_colors_info=&#8221;{}&#8221;]<\/p>\n<p>Winiarnia w samym sercu Mikulova oferuje setki najlepszych win pochodz\u0105cych wy\u0142\u0105cznie z lokalnej produkcji w cenach por\u00f3wnywalnych z cenami w piwnicach winiarskich, bezpo\u015brednio od producent\u00f3w.<\/p>\n<p>W designerskich wn\u0119trzach zaprojektowanych przez \u015bwiatowej s\u0142awy architekta Ivana Kroupu mo\u017cna codziennie degustowa\u0107 wyb\u00f3r 24 win z otwartych butelek przy u\u017cyciu nowoczesnej w\u0142oskiej technologii Enomatic. Wizyt\u0119 w naszej winiarni mo\u017cna zako\u0144czy\u0107 fili\u017cank\u0105 doskona\u0142ej, \u015bwie\u017co palonej kawy Zermatt.\u00a0<\/p>\n<p>Technologia Enomatic pozwala zachowa\u0107 wszystkie walory wina bez najmniejszej utraty jako\u015bci nawet przez 3 tygodnie. Najwy\u017csz\u0105 jako\u015b\u0107 oferowanych win gwarantuje automatyczne czyszczenie dysz. Przyjazne dla u\u017cytkownika, sterowane komputerowo dozowanie zapewnia przyjemne doznania podczas degustacji.<\/p>\n<p>[\/et_pb_text][\/et_pb_column][\/et_pb_row][\/et_pb_section]<\/p>\n","protected":false},"excerpt":{"rendered":"<p>Winiarnia w samym sercu Mikulova oferuje setki&#8230;<\/p>\n","protected":false},"author":1,"featured_media":0,"parent":0,"menu_order":0,"comment_status":"closed","ping_status":"closed","template":"page-subpage.php","meta":{"_acf_changed":false,"_et_pb_use_builder":"on","_et_pb_old_content":"","_et_gb_content_width":"","inline_featured_image":false,"footnotes":""},"class_list":["post-13673","page","type-page","status-publish","hentry"],"acf":[],"yoast_head":"<!-- This site is optimized with the Yoast SEO plugin v27.5 - https:\/\/yoast.com\/product\/yoast-seo-wordpress\/ -->\n<title>Winiarnia na N\u00e1m\u011bst\u00ed - V\u00edno Radosti - Kr\u00e1sa v\u00edna Mikulovska<\/title>\n<meta name=\"description\" content=\"Vinot\u00e9ka na N\u00e1m\u011bst\u00ed je nov\u011b zrekonstruovan\u00e1 vinot\u00e9ka v sam\u00e9m srdci Mikulova nab\u00edz\u00ed stovky t\u011bch nejlep\u0161\u00edch v\u00edn v\u00fdhradn\u011b z m\u00edstn\u00ed produkce.\" \/>\n<meta name=\"robots\" content=\"index, follow, max-snippet:-1, max-image-preview:large, max-video-preview:-1\" \/>\n<link rel=\"canonical\" href=\"https:\/\/www.vinoradosti.cz\/pl\/vinoteka-na-namesti\/\" \/>\n<meta property=\"og:locale\" content=\"pl_PL\" \/>\n<meta property=\"og:type\" content=\"article\" \/>\n<meta property=\"og:title\" content=\"Winiarnia na N\u00e1m\u011bst\u00ed - V\u00edno Radosti - Kr\u00e1sa v\u00edna Mikulovska\" \/>\n<meta property=\"og:description\" content=\"Vinot\u00e9ka na N\u00e1m\u011bst\u00ed je nov\u011b zrekonstruovan\u00e1 vinot\u00e9ka v sam\u00e9m srdci Mikulova nab\u00edz\u00ed stovky t\u011bch nejlep\u0161\u00edch v\u00edn v\u00fdhradn\u011b z m\u00edstn\u00ed produkce.\" \/>\n<meta property=\"og:url\" content=\"https:\/\/www.vinoradosti.cz\/pl\/vinoteka-na-namesti\/\" \/>\n<meta property=\"og:site_name\" content=\"V\u00edno Radosti\" \/>\n<meta property=\"article:modified_time\" content=\"2026-03-13T15:26:14+00:00\" \/>\n<meta name=\"twitter:card\" content=\"summary_large_image\" \/>\n<meta name=\"twitter:label1\" content=\"Szacowany czas czytania\" \/>\n\t<meta name=\"twitter:data1\" content=\"1 minuta\" \/>\n<script type=\"application\/ld+json\" class=\"yoast-schema-graph\">{\"@context\":\"https:\\\/\\\/schema.org\",\"@graph\":[{\"@type\":\"WebPage\",\"@id\":\"https:\\\/\\\/www.vinoradosti.cz\\\/pl\\\/vinoteka-na-namesti\\\/\",\"url\":\"https:\\\/\\\/www.vinoradosti.cz\\\/pl\\\/vinoteka-na-namesti\\\/\",\"name\":\"Winiarnia na N\u00e1m\u011bst\u00ed - V\u00edno Radosti - Kr\u00e1sa v\u00edna Mikulovska\",\"isPartOf\":{\"@id\":\"https:\\\/\\\/www.vinoradosti.cz\\\/pl\\\/#website\"},\"datePublished\":\"2020-08-04T19:55:59+00:00\",\"dateModified\":\"2026-03-13T15:26:14+00:00\",\"description\":\"Vinot\u00e9ka na N\u00e1m\u011bst\u00ed je nov\u011b zrekonstruovan\u00e1 vinot\u00e9ka v sam\u00e9m srdci Mikulova nab\u00edz\u00ed stovky t\u011bch nejlep\u0161\u00edch v\u00edn v\u00fdhradn\u011b z m\u00edstn\u00ed produkce.\",\"breadcrumb\":{\"@id\":\"https:\\\/\\\/www.vinoradosti.cz\\\/pl\\\/vinoteka-na-namesti\\\/#breadcrumb\"},\"inLanguage\":\"pl-PL\",\"potentialAction\":[{\"@type\":\"ReadAction\",\"target\":[\"https:\\\/\\\/www.vinoradosti.cz\\\/pl\\\/vinoteka-na-namesti\\\/\"]}]},{\"@type\":\"BreadcrumbList\",\"@id\":\"https:\\\/\\\/www.vinoradosti.cz\\\/pl\\\/vinoteka-na-namesti\\\/#breadcrumb\",\"itemListElement\":[{\"@type\":\"ListItem\",\"position\":1,\"name\":\"Dom\u016f\",\"item\":\"https:\\\/\\\/www.vinoradosti.cz\\\/pl\\\/\"},{\"@type\":\"ListItem\",\"position\":2,\"name\":\"Winiarnia na N\u00e1m\u011bst\u00ed\"}]},{\"@type\":\"WebSite\",\"@id\":\"https:\\\/\\\/www.vinoradosti.cz\\\/pl\\\/#website\",\"url\":\"https:\\\/\\\/www.vinoradosti.cz\\\/pl\\\/\",\"name\":\"V\u00edno Radosti\",\"description\":\"Objevte kr\u00e1su \u017eivota s na\u0161imi v\u00edny\",\"publisher\":{\"@id\":\"https:\\\/\\\/www.vinoradosti.cz\\\/pl\\\/#organization\"},\"potentialAction\":[{\"@type\":\"SearchAction\",\"target\":{\"@type\":\"EntryPoint\",\"urlTemplate\":\"https:\\\/\\\/www.vinoradosti.cz\\\/pl\\\/?s={search_term_string}\"},\"query-input\":{\"@type\":\"PropertyValueSpecification\",\"valueRequired\":true,\"valueName\":\"search_term_string\"}}],\"inLanguage\":\"pl-PL\"},{\"@type\":\"Organization\",\"@id\":\"https:\\\/\\\/www.vinoradosti.cz\\\/pl\\\/#organization\",\"name\":\"V\u00edno \u0160\u00edlov\u00e1\",\"url\":\"https:\\\/\\\/www.vinoradosti.cz\\\/pl\\\/\",\"logo\":{\"@type\":\"ImageObject\",\"inLanguage\":\"pl-PL\",\"@id\":\"https:\\\/\\\/www.vinoradosti.cz\\\/pl\\\/#\\\/schema\\\/logo\\\/image\\\/\",\"url\":\"https:\\\/\\\/vinosilova.cz\\\/wp-content\\\/uploads\\\/2020\\\/05\\\/logo.png\",\"contentUrl\":\"https:\\\/\\\/vinosilova.cz\\\/wp-content\\\/uploads\\\/2020\\\/05\\\/logo.png\",\"width\":175,\"height\":174,\"caption\":\"V\u00edno \u0160\u00edlov\u00e1\"},\"image\":{\"@id\":\"https:\\\/\\\/www.vinoradosti.cz\\\/pl\\\/#\\\/schema\\\/logo\\\/image\\\/\"}}]}<\/script>\n<!-- \/ Yoast SEO plugin. -->","yoast_head_json":{"title":"Winiarnia na N\u00e1m\u011bst\u00ed - V\u00edno Radosti - Kr\u00e1sa v\u00edna Mikulovska","description":"Vinot\u00e9ka na N\u00e1m\u011bst\u00ed je nov\u011b zrekonstruovan\u00e1 vinot\u00e9ka v sam\u00e9m srdci Mikulova nab\u00edz\u00ed stovky t\u011bch nejlep\u0161\u00edch v\u00edn v\u00fdhradn\u011b z m\u00edstn\u00ed produkce.","robots":{"index":"index","follow":"follow","max-snippet":"max-snippet:-1","max-image-preview":"max-image-preview:large","max-video-preview":"max-video-preview:-1"},"canonical":"https:\/\/www.vinoradosti.cz\/pl\/vinoteka-na-namesti\/","og_locale":"pl_PL","og_type":"article","og_title":"Winiarnia na N\u00e1m\u011bst\u00ed - V\u00edno Radosti - Kr\u00e1sa v\u00edna Mikulovska","og_description":"Vinot\u00e9ka na N\u00e1m\u011bst\u00ed je nov\u011b zrekonstruovan\u00e1 vinot\u00e9ka v sam\u00e9m srdci Mikulova nab\u00edz\u00ed stovky t\u011bch nejlep\u0161\u00edch v\u00edn v\u00fdhradn\u011b z m\u00edstn\u00ed produkce.","og_url":"https:\/\/www.vinoradosti.cz\/pl\/vinoteka-na-namesti\/","og_site_name":"V\u00edno Radosti","article_modified_time":"2026-03-13T15:26:14+00:00","twitter_card":"summary_large_image","twitter_misc":{"Szacowany czas czytania":"1 minuta"},"schema":{"@context":"https:\/\/schema.org","@graph":[{"@type":"WebPage","@id":"https:\/\/www.vinoradosti.cz\/pl\/vinoteka-na-namesti\/","url":"https:\/\/www.vinoradosti.cz\/pl\/vinoteka-na-namesti\/","name":"Winiarnia na N\u00e1m\u011bst\u00ed - V\u00edno Radosti - Kr\u00e1sa v\u00edna Mikulovska","isPartOf":{"@id":"https:\/\/www.vinoradosti.cz\/pl\/#website"},"datePublished":"2020-08-04T19:55:59+00:00","dateModified":"2026-03-13T15:26:14+00:00","description":"Vinot\u00e9ka na N\u00e1m\u011bst\u00ed je nov\u011b zrekonstruovan\u00e1 vinot\u00e9ka v sam\u00e9m srdci Mikulova nab\u00edz\u00ed stovky t\u011bch nejlep\u0161\u00edch v\u00edn v\u00fdhradn\u011b z m\u00edstn\u00ed produkce.","breadcrumb":{"@id":"https:\/\/www.vinoradosti.cz\/pl\/vinoteka-na-namesti\/#breadcrumb"},"inLanguage":"pl-PL","potentialAction":[{"@type":"ReadAction","target":["https:\/\/www.vinoradosti.cz\/pl\/vinoteka-na-namesti\/"]}]},{"@type":"BreadcrumbList","@id":"https:\/\/www.vinoradosti.cz\/pl\/vinoteka-na-namesti\/#breadcrumb","itemListElement":[{"@type":"ListItem","position":1,"name":"Dom\u016f","item":"https:\/\/www.vinoradosti.cz\/pl\/"},{"@type":"ListItem","position":2,"name":"Winiarnia na N\u00e1m\u011bst\u00ed"}]},{"@type":"WebSite","@id":"https:\/\/www.vinoradosti.cz\/pl\/#website","url":"https:\/\/www.vinoradosti.cz\/pl\/","name":"V\u00edno Radosti","description":"Objevte kr\u00e1su \u017eivota s na\u0161imi v\u00edny","publisher":{"@id":"https:\/\/www.vinoradosti.cz\/pl\/#organization"},"potentialAction":[{"@type":"SearchAction","target":{"@type":"EntryPoint","urlTemplate":"https:\/\/www.vinoradosti.cz\/pl\/?s={search_term_string}"},"query-input":{"@type":"PropertyValueSpecification","valueRequired":true,"valueName":"search_term_string"}}],"inLanguage":"pl-PL"},{"@type":"Organization","@id":"https:\/\/www.vinoradosti.cz\/pl\/#organization","name":"V\u00edno \u0160\u00edlov\u00e1","url":"https:\/\/www.vinoradosti.cz\/pl\/","logo":{"@type":"ImageObject","inLanguage":"pl-PL","@id":"https:\/\/www.vinoradosti.cz\/pl\/#\/schema\/logo\/image\/","url":"https:\/\/vinosilova.cz\/wp-content\/uploads\/2020\/05\/logo.png","contentUrl":"https:\/\/vinosilova.cz\/wp-content\/uploads\/2020\/05\/logo.png","width":175,"height":174,"caption":"V\u00edno \u0160\u00edlov\u00e1"},"image":{"@id":"https:\/\/www.vinoradosti.cz\/pl\/#\/schema\/logo\/image\/"}}]}},"_links":{"self":[{"href":"https:\/\/www.vinoradosti.cz\/pl\/wp-json\/wp\/v2\/pages\/13673","targetHints":{"allow":["GET"]}}],"collection":[{"href":"https:\/\/www.vinoradosti.cz\/pl\/wp-json\/wp\/v2\/pages"}],"about":[{"href":"https:\/\/www.vinoradosti.cz\/pl\/wp-json\/wp\/v2\/types\/page"}],"author":[{"embeddable":true,"href":"https:\/\/www.vinoradosti.cz\/pl\/wp-json\/wp\/v2\/users\/1"}],"replies":[{"embeddable":true,"href":"https:\/\/www.vinoradosti.cz\/pl\/wp-json\/wp\/v2\/comments?post=13673"}],"version-history":[{"count":5,"href":"https:\/\/www.vinoradosti.cz\/pl\/wp-json\/wp\/v2\/pages\/13673\/revisions"}],"predecessor-version":[{"id":13869,"href":"https:\/\/www.vinoradosti.cz\/pl\/wp-json\/wp\/v2\/pages\/13673\/revisions\/13869"}],"wp:attachment":[{"href":"https:\/\/www.vinoradosti.cz\/pl\/wp-json\/wp\/v2\/media?parent=13673"}],"curies":[{"name":"wp","href":"https:\/\/api.w.org\/{rel}","templated":true}]}}