{"id":14046,"date":"2020-05-28T13:44:36","date_gmt":"2020-05-28T11:44:36","guid":{"rendered":"https:\/\/www.vinoradosti.cz\/ochrana-osobnich-udaju\/"},"modified":"2026-03-24T09:28:41","modified_gmt":"2026-03-24T08:28:41","slug":"ochrana-osobnich-udaju","status":"publish","type":"page","link":"https:\/\/www.vinoradosti.cz\/en\/ochrana-osobnich-udaju\/","title":{"rendered":"Privacy Policy"},"content":{"rendered":"<p>[et_pb_section fb_built=&#8221;1&#8243; admin_label=&#8221;Fresh Ingredients&#8221; _builder_version=&#8221;4.20.1&#8243; background_enable_color=&#8221;off&#8221; custom_padding=&#8221;8px|0px|8px|3px|false|false&#8221; global_colors_info=&#8221;{}&#8221; theme_builder_area=&#8221;post_content&#8221;][et_pb_row _builder_version=&#8221;4.16&#8243; _module_preset=&#8221;default&#8221; global_colors_info=&#8221;{}&#8221; theme_builder_area=&#8221;post_content&#8221; custom_padding=&#8221;0px|||||&#8221;][et_pb_column type=&#8221;4_4&#8243; _builder_version=&#8221;4.16&#8243; _module_preset=&#8221;default&#8221; global_colors_info=&#8221;{}&#8221; theme_builder_area=&#8221;post_content&#8221;][et_pb_text _builder_version=&#8221;4.20.2&#8243; header_text_align=&#8221;left&#8221; header_2_text_align=&#8221;left&#8221; header_3_text_align=&#8221;left&#8221; header_4_font=&#8221;Bellefair||||||||&#8221; header_4_text_align=&#8221;left&#8221; header_4_text_color=&#8221;#000000&#8243; header_4_font_size=&#8221;30px&#8221; text_orientation=&#8221;left&#8221; module_alignment=&#8221;left&#8221; custom_margin=&#8221;|85px|-6px|||&#8221; custom_padding=&#8221;||0px|||&#8221; hover_enabled=&#8221;0&#8243; global_colors_info=&#8221;{}&#8221; theme_builder_area=&#8221;post_content&#8221; sticky_enabled=&#8221;0&#8243;]<\/p>\n<p>Pros\u00edme, v\u011bnujte \u010das p\u0159e\u010dten\u00ed informac\u00ed o ochran\u011b osobn\u00edch \u00fadaj\u016f.<\/p>\n<h3>Pro\u010d shroma\u017e\u010fujeme informace?<\/h3>\n<p>Informace jsou shroma\u017e\u010fov\u00e1ny s c\u00edlem usnadnit proces rezervace mezi z\u00e1kazn\u00edkem a poskytovatelem ubytovac\u00edch slu\u017eeb. Nab\u00eddnout V\u00e1m dal\u0161\u00ed slu\u017eby tam, kde d\u00e1v\u00e1te souhlas k takov\u00fdm nab\u00eddk\u00e1m a\/nebo n\u00e1m pomohou zlep\u0161it tento proces pro budouc\u00ed pou\u017eit\u00ed.<\/p>\n<h3>K jak\u00fdm \u00fa\u010del\u016fm shroma\u017e\u010fujeme informace?<\/h3>\n<ul>\n<li>Pr\u016fb\u011bh nebo podpora \u010dinnosti rezerva\u010dn\u00edho procesu<\/li>\n<li>Proces dobrovoln\u00e9 registrace z\u00e1kazn\u00edka k odb\u011bru newsletteru<\/li>\n<li>Statistick\u00e9 pou\u017e\u00edv\u00e1n\u00ed syst\u00e9mu k jeho mo\u017en\u00e9mu vylep\u0161en\u00ed<\/li>\n<li>Nen\u00ed \u017e\u00e1dn\u00e9 jin\u00e9 pou\u017eit\u00ed shrom\u00e1\u017ed\u011bn\u00fdch informac\u00ed, p\u0159edev\u0161\u00edm informace nejsou nikdy p\u0159ed\u00e1ny bez souhlasu t\u0159et\u00edm stran\u00e1m<\/li>\n<\/ul>\n<h3>Kdo m\u00e1 p\u0159\u00edstup k n\u011bkter\u00fdm nebo v\u0161em shrom\u00e1\u017ed\u011bn\u00fdm informac\u00edm?<\/h3>\n<ul>\n<li>Poskytovatel ubytovac\u00edch slu\u017eeb, u kter\u00e9ho se bude realizovat Va\u0161e rezervace<\/li>\n<li>Poskytovatel webov\u00fdch str\u00e1nek a rezerva\u010dn\u00edho formul\u00e1\u0159e<\/li>\n<li>Instituce, kter\u00e9 k tomu maj\u00ed opr\u00e1vn\u011bn\u00ed<\/li>\n<\/ul>\n<h3>Jak\u00fd p\u0159\u00edstup garantujeme na\u0161im n\u00e1v\u0161t\u011bvn\u00edk\u016fm ke shrom\u00e1\u017ed\u011bn\u00fdm informac\u00edm, kter\u00e9 se jich t\u00fdkaj\u00ed?<\/h3>\n<p>P\u0159\u00edstup ke v\u0161em shrom\u00e1\u017ed\u011bn\u00fdm informac\u00edm je umo\u017en\u011bn kdykoliv na po\u017e\u00e1d\u00e1n\u00ed<\/p>\n<p>Pokud jste p\u0159esv\u011bd\u010deni, \u017ee na\u0161e webov\u00e9 str\u00e1nky nebo syst\u00e9my shrom\u00e1\u017edily nespr\u00e1vn\u00e9 informace nebo chcete jak\u00e9koliv informace rozporovat, pros\u00edme, kontaktujte n\u00e1s.<\/p>\n<p>&nbsp;<\/p>\n<p>&nbsp;<\/p>\n<h2>Podm\u00ednky Cookies<\/h2>\n<h3>Co jsou Cookies?<\/h3>\n<p>Soubory cookie jsou mal\u00e9 soubory, kter\u00e9 ukl\u00e1daj\u00ed informace ve Va\u0161em prohl\u00ed\u017ee\u010di a b\u011b\u017en\u011b slou\u017e\u00ed k rozli\u0161ov\u00e1n\u00ed jednotliv\u00fdch u\u017eivatel\u016f. Osoba u\u017eivatele v\u0161ak nen\u00ed na z\u00e1klad\u011b t\u011bchto informac\u00ed identifikovateln\u00e1.<\/p>\n<h3>K \u010demu soubory Cookies pou\u017e\u00edv\u00e1me<\/h3>\n<ul>\n<li>ke spr\u00e1vn\u00e9 funk\u010dnosti na\u0161ich str\u00e1nek, aby bylo mo\u017en\u00e9 dokon\u010dit proces rezervace s co nejmen\u0161\u00edmi obt\u00ed\u017eemi.<\/li>\n<li>p\u0159i zji\u0161\u0165ov\u00e1n\u00ed, kter\u00e9 str\u00e1nky a funkce pou\u017e\u00edvaj\u00ed n\u00e1v\u0161t\u011bvn\u00edci nej\u010dast\u011bji.<\/li>\n<\/ul>\n<h3>Jak\u00e9 soubory cookie pou\u017e\u00edv\u00e1me:<\/h3>\n<p>Soubory cookie pou\u017e\u00edvan\u00e9 na na\u0161ich str\u00e1nk\u00e1ch lze z hlediska jejich trvanlivosti rozd\u011blit na dva z\u00e1kladn\u00ed typy. Kr\u00e1tkodob\u00e9 tzv. \u201esession cookie\u201c kter\u00e9 jsou pouze do\u010dasn\u00e9 a z\u016fst\u00e1vaj\u00ed ulo\u017eeny ve Va\u0161em prohl\u00ed\u017ee\u010di pouze do t\u00e9 doby, ne\u017e prohl\u00ed\u017ee\u010d zav\u0159ete, a dlouhodob\u011b tzv. \u201epersistent cookie\u201c, kter\u00e9 z\u016fst\u00e1vaj\u00ed ulo\u017eeny ve Va\u0161em za\u0159\u00edzen\u00ed mnohem d\u00e9le nebo dokud je ru\u010dn\u011b neodstran\u00edte (doba ponech\u00e1n\u00ed soubor\u016f cookie ve va\u0161em za\u0159\u00edzen\u00ed z\u00e1vis\u00ed na nastaven\u00ed samotn\u00e9 cookie a nastaven\u00ed va\u0161eho prohl\u00ed\u017ee\u010de).<\/p>\n<h3>Z hlediska funkce, kterou jednotliv\u00e9 cookie pln\u00ed, lze cookie rozd\u011blit na:<\/h3>\n<ul>\n<li>konverzn\u00ed, kter\u00e9 n\u00e1m umo\u017e\u0148uj\u00ed analyzovat v\u00fdkon r\u016fzn\u00fdch prodejn\u00edch kan\u00e1l\u016f<\/li>\n<li>trackingov\u00e9 (sledovac\u00ed), kter\u00e9 v kombinaci s konverzn\u00edmi pom\u00e1haj\u00ed analyzovat v\u00fdkon r\u016fzn\u00fdch prodejn\u00edch kan\u00e1l\u016f<\/li>\n<li>remarketingov\u00e9, kter\u00e9 pou\u017e\u00edv\u00e1me pro personalizaci obsahu reklam a jejich spr\u00e1vn\u00e9mu zac\u00edlen\u00ed<\/li>\n<li>analytick\u00e9, kter\u00e9 n\u00e1m pom\u00e1haj\u00ed zv\u00fd\u0161it u\u017eivatelsk\u00e9 pohodl\u00ed na\u0161eho webu t\u00edm, \u017ee pochop\u00edme, jak jej u\u017eivatel\u00e9 pou\u017e\u00edvaj\u00ed<\/li>\n<li>esenci\u00e1ln\u00ed, kter\u00e9 jsou d\u016fle\u017eit\u00e9 pro z\u00e1kladn\u00ed funk\u010dnost webu<\/li>\n<\/ul>\n<p>N\u011bkter\u00e9 soubory cookie mohou shroma\u017e\u010fovat informace, kter\u00e9 jsou n\u00e1sledn\u011b vyu\u017eity t\u0159et\u00edmi stranami a kter\u00e9 nap\u0159. p\u0159\u00edmo podporuj\u00ed na\u0161e reklamn\u00ed aktivity (tzv. \u201ecookie t\u0159et\u00edch stran\u201c). Podle t\u011bchto \u00fadaj\u016f V\u00e1s v\u0161ak nelze identifikovat.<\/p>\n<p>Cookies n\u00e1mi pou\u017e\u00edvan\u00e9 n\u00e1m umo\u017e\u0148uj\u00ed vylep\u0161it na\u0161e webov\u00e9 str\u00e1nky.<\/p>\n<p>Jestli\u017ee nechcete p\u0159ij\u00edmat cookies, m\u016f\u017eete upravit nastaven\u00ed va\u0161eho prohl\u00ed\u017ee\u010de. Funkce N\u00e1pov\u011bdy p\u0159\u00edmo ve va\u0161em prohl\u00ed\u017ee\u010di vysv\u011btluje jak zm\u011bn\u00edte toto nastaven\u00ed. M\u016f\u017eete tak\u00e9 nav\u0161t\u00edvit www.aboutcookies.org, kter\u00e9 obsahuj\u00ed komplexn\u00ed informace o tom, jak spravovat soubory cookies v \u0161irok\u00e9 \u0161k\u00e1le prohl\u00ed\u017ee\u010d\u016f.<\/p>\n<p>Pros\u00edme berte na v\u011bdom\u00ed, \u017ee d\u00edky blokov\u00e1n\u00ed cookies nemus\u00edte b\u00fdt schopni pln\u011b vyu\u017e\u00edvat ve\u0161ker\u00e9 funkce t\u011bchto webov\u00fdch str\u00e1nek, zejm\u00e9na pou\u017e\u00edv\u00e1n\u00ed rezerva\u010dn\u00edho syst\u00e9mu k dokon\u010den\u00ed rezervace.<\/p>\n<p>[\/et_pb_text][\/et_pb_column][\/et_pb_row][\/et_pb_section]<\/p>\n","protected":false},"excerpt":{"rendered":"<p>Pros\u00edme, v\u011bnujte \u010das p\u0159e\u010dten\u00ed informac\u00ed o ochran\u011b&#8230;<\/p>\n","protected":false},"author":1,"featured_media":0,"parent":0,"menu_order":0,"comment_status":"closed","ping_status":"open","template":"","meta":{"_acf_changed":false,"_et_pb_use_builder":"on","_et_pb_old_content":"<!-- wp:heading -->\n<h2>Kdo jsme<\/h2>\n<!-- \/wp:heading -->\n\n<!-- wp:paragraph -->\n<p>Na\u0161e webov\u00e1 adresa je: https:\/\/vinoradosti.cz.<\/p>\n<!-- \/wp:paragraph -->\n\n<!-- wp:heading -->\n<h2>Jak\u00e9 shroma\u017e\u010fujeme osobn\u00ed \u00fadaje a pro\u010d je shroma\u017e\u010fujeme<\/h2>\n<!-- \/wp:heading -->\n\n<!-- wp:heading {\"level\":3} -->\n<h3>Koment\u00e1\u0159e<\/h3>\n<!-- \/wp:heading -->\n\n<!-- wp:paragraph -->\n<p>Kdy\u017e n\u00e1v\u0161t\u011bvn\u00edci p\u0159idaj\u00ed koment\u00e1\u0159 na tento web, jsou shroma\u017e\u010fov\u00e1ny \u00fadaje zobrazen\u00e9 ve formul\u00e1\u0159i pro koment\u00e1\u0159, d\u00e1le IP adresa n\u00e1v\u0161t\u011bvn\u00edka a \u0159et\u011bzec user agent definuj\u00edc\u00ed prohl\u00ed\u017ee\u010d, co\u017e pom\u00e1h\u00e1 k detekci spamu.<\/p>\n<!-- \/wp:paragraph -->\n\n<!-- wp:paragraph -->\n<p>Slu\u017eb\u011b Gravatar m\u016f\u017ee b\u00fdt poskytnut anonymn\u00ed \u0159et\u011bzec vytvo\u0159en\u00fd z va\u0161\u00ed emailov\u00e9 adresy (naz\u00fdvan\u00fd tak\u00e9 hash), d\u00edky kter\u00e9mu lze ur\u010dit jestli tuto slu\u017ebu pou\u017e\u00edv\u00e1te. Z\u00e1sady ochrany osobn\u00edch \u00fadaj\u016f slu\u017eby Gravatar jsou k dispozici zde: https:\/\/automattic.com\/privacy\/. Po schv\u00e1len\u00ed va\u0161eho koment\u00e1\u0159e je v\u00e1\u0161 profilov\u00fd obr\u00e1zek viditeln\u00fd pro ve\u0159ejnost v kontextu va\u0161eho koment\u00e1\u0159e.<\/p>\n<!-- \/wp:paragraph -->\n\n<!-- wp:heading {\"level\":3} -->\n<h3>M\u00e9dia<\/h3>\n<!-- \/wp:heading -->\n\n<!-- wp:paragraph -->\n<p>Pokud nahr\u00e1v\u00e1te obr\u00e1zky na tento web, m\u011bli byste se vyhnout nahr\u00e1v\u00e1n\u00ed obr\u00e1zk\u016f s vlo\u017een\u00fdmi \u00fadaji o poloze (EXIF GPS). N\u00e1v\u0161t\u011bvn\u00edci webu mohou st\u00e1hnout a zobrazit libovoln\u00e9 data o poloze z obr\u00e1zk\u016f na webu.<\/p>\n<!-- \/wp:paragraph -->\n\n<!-- wp:heading {\"level\":3} -->\n<h3>Kontaktn\u00ed formul\u00e1\u0159e<\/h3>\n<!-- \/wp:heading -->\n\n<!-- wp:heading {\"level\":3} -->\n<h3>Cookies<\/h3>\n<!-- \/wp:heading -->\n\n<!-- wp:paragraph -->\n<p>Pokud na na\u0161e str\u00e1nky p\u0159id\u00e1te koment\u00e1\u0159, m\u016f\u017eete povolit ulo\u017een\u00ed jm\u00e9na, emailov\u00e9 adresy a webov\u00e9 str\u00e1nky do cookies. T\u00edmto zp\u016fsobem se sna\u017e\u00edme zv\u00fd\u0161it v\u00e1\u0161 komfort, kdy\u017e budete ps\u00e1t nov\u00fd koment\u00e1\u0159 u\u017e pak nebudete muset tyto \u00fadaje znovu vypl\u0148ovat. Tyto soubory cookies budou m\u00edt \u017eivotnost jeden rok.<\/p>\n<!-- \/wp:paragraph -->\n\n<!-- wp:paragraph -->\n<p>Pokud nav\u0161t\u00edv\u00edte na\u0161i p\u0159ihla\u0161ovac\u00ed str\u00e1nku, nastav\u00edme do\u010dasn\u00e9 cookies pro ov\u011b\u0159en\u00ed, zda v\u00e1\u0161 prohl\u00ed\u017ee\u010d p\u0159ij\u00edm\u00e1 soubory cookies. Tento soubor cookies neobsahuje \u017e\u00e1dn\u00e1 osobn\u00ed data a p\u0159i zav\u0159en\u00ed prohl\u00ed\u017ee\u010de se zru\u0161\u00ed.<\/p>\n<!-- \/wp:paragraph -->\n\n<!-- wp:paragraph -->\n<p>P\u0159i p\u0159ihla\u0161ov\u00e1n\u00ed v\u00e1m nastav\u00edme tak\u00e9 n\u011bkolik soubor\u016f cookies pro ulo\u017een\u00ed va\u0161ich p\u0159ihla\u0161ovac\u00edch \u00fadaj\u016f a pro nastaven\u00ed zobrazen\u00ed obrazovky. P\u0159ihla\u0161ovac\u00ed soubory cookies maj\u00ed \u017eivotnost dva dny a cookies pro nastaven\u00ed zobrazen\u00ed maj\u00ed \u017eivotnost jeden rok. Pokud potvrd\u00edte mo\u017enost \u201eZapamatovat si m\u011b\u201c, va\u0161e p\u0159ihl\u00e1\u0161en\u00ed bude trvat dva t\u00fddny. Pokud se ze sv\u00e9ho \u00fa\u010dtu odhl\u00e1s\u00edte, p\u0159ihla\u0161ovac\u00ed cookies budou odstran\u011bny.<\/p>\n<!-- \/wp:paragraph -->\n\n<!-- wp:paragraph -->\n<p>Pokud upravujete nebo publikujete \u010dl\u00e1nek, bude ve va\u0161em prohl\u00ed\u017ee\u010di ulo\u017een dal\u0161\u00ed cookie. Tento cookie neobsahuje \u017e\u00e1dn\u00e1 osobn\u00ed data a jednodu\u0161e ozna\u010duje ID p\u0159\u00edsp\u011bvku, kter\u00fd jste pr\u00e1v\u011b upravili. Jeho platnost vypr\u0161\u00ed po 1 dni.<\/p>\n<!-- \/wp:paragraph -->\n\n<!-- wp:heading {\"level\":3} -->\n<h3>Vlo\u017een\u00fd obsah z dal\u0161\u00edch web\u016f<\/h3>\n<!-- \/wp:heading -->\n\n<!-- wp:paragraph -->\n<p>P\u0159\u00edsp\u011bvky na t\u011bchto str\u00e1nk\u00e1ch mohou obsahovat vlo\u017een\u00fd obsah (nap\u0159\u00edklad videa, obr\u00e1zky, \u010dl\u00e1nky atd.). Vlo\u017een\u00fd obsah z jin\u00fdch webov\u00fdch str\u00e1nek se chov\u00e1 stejn\u00fdm zp\u016fsobem, jako kdyby n\u00e1v\u0161t\u011bvn\u00edk nav\u0161t\u00edvil jin\u00fd web.<\/p>\n<!-- \/wp:paragraph -->\n\n<!-- wp:paragraph -->\n<p>Tyto webov\u00e9 str\u00e1nky mohou shroma\u017e\u010fovat data o v\u00e1s, pou\u017e\u00edvat soubory cookies, vkl\u00e1dat dal\u0161\u00ed sledov\u00e1n\u00ed od t\u0159et\u00edch stran a sledovat va\u0161i interakci s t\u00edmto vlo\u017een\u00fdm obsahem, v\u010detn\u011b sledov\u00e1n\u00ed interakce s vlo\u017een\u00fdm obsahem, pokud m\u00e1te \u00fa\u010det a jste p\u0159ihl\u00e1\u0161eni na danou webovou str\u00e1nku.<\/p>\n<!-- \/wp:paragraph -->\n\n<!-- wp:heading {\"level\":3} -->\n<h3>Analytika<\/h3>\n<!-- \/wp:heading -->\n\n<!-- wp:heading -->\n<h2>S k\u00fdm sd\u00edl\u00edme va\u0161e \u00fadaje<\/h2>\n<!-- \/wp:heading -->\n\n<!-- wp:heading -->\n<h2>Jak dlouho uchov\u00e1v\u00e1me va\u0161e \u00fadaje<\/h2>\n<!-- \/wp:heading -->\n\n<!-- wp:paragraph -->\n<p>Pokud p\u0159id\u00e1te koment\u00e1\u0159, koment\u00e1\u0159 a jeho metadata budou uchov\u00e1v\u00e1na po dobu neur\u010ditou. \u00dadaje jsou uchov\u00e1v\u00e1ny za \u00fa\u010delem automatick\u00e9ho rozpozn\u00e1n\u00ed a schv\u00e1len\u00ed v\u0161ech n\u00e1sledn\u00fdch koment\u00e1\u0159\u016f, m\u00edsto jejich dr\u017een\u00ed ve front\u011b moderov\u00e1n\u00ed.<\/p>\n<!-- \/wp:paragraph -->\n\n<!-- wp:paragraph -->\n<p>Pro u\u017eivatele, kte\u0159\u00ed se registruj\u00ed na tomto webu (pokud maj\u00ed tuto mo\u017enost), ukl\u00e1d\u00e1me tak\u00e9 osobn\u00ed \u00fadaje, kter\u00e9 uv\u00e1d\u011bj\u00ed ve sv\u00e9m u\u017eivatelsk\u00e9m profilu. V\u0161ichni u\u017eivatel\u00e9 mohou kdykoliv vid\u011bt, upravovat nebo smazat sv\u00e9 osobn\u00ed \u00fadaje (s v\u00fdjimkou toho, \u017ee nemohou zm\u011bnit sv\u00e9 u\u017eivatelsk\u00e9 jm\u00e9no). Administr\u00e1to\u0159i webu mohou tak\u00e9 tyto informace zobrazit a upravovat.<\/p>\n<!-- \/wp:paragraph -->\n\n<!-- wp:heading -->\n<h2>Jak\u00e1 m\u00e1te pr\u00e1va?<\/h2>\n<!-- \/wp:heading -->\n\n<!-- wp:paragraph -->\n<p>Pokud m\u00e1te na tomto webu \u00fa\u010det nebo jste zde p\u0159idali koment\u00e1\u0159e, m\u016f\u017eete po\u017e\u00e1dat o obdr\u017een\u00ed souboru s exportem osobn\u00edch \u00fadaj\u016f, kter\u00e9 o v\u00e1s uchov\u00e1v\u00e1me, v\u010detn\u011b v\u0161ech \u00fadaj\u016f, kter\u00e9 jste n\u00e1m poskytli. M\u016f\u017eete tak\u00e9 po\u017e\u00e1dat o odstran\u011bn\u00ed ve\u0161ker\u00fdch osobn\u00edch \u00fadaj\u016f, kter\u00e9 o v\u00e1s uchov\u00e1v\u00e1me. Tato mo\u017enost nezahrnuje \u00fadaje, kter\u00e9 jsme povinni uchov\u00e1vat z administrativn\u00edch, pr\u00e1vn\u00edch nebo bezpe\u010dnostn\u00edch d\u016fvod\u016f.<\/p>\n<!-- \/wp:paragraph -->\n\n<!-- wp:heading -->\n<h2>Kam pos\u00edl\u00e1me va\u0161e data?<\/h2>\n<!-- \/wp:heading -->\n\n<!-- wp:paragraph -->\n<p>Koment\u00e1\u0159e n\u00e1v\u0161t\u011bvn\u00edk\u016f mohou b\u00fdt kontrolov\u00e1ny prost\u0159ednictv\u00edm automatizovan\u00e9 slu\u017eby detekce spamu, kter\u00e1 m\u016f\u017ee b\u00fdt um\u00edst\u011bna v zahrani\u010d\u00ed.<\/p>\n<!-- \/wp:paragraph -->\n\n<!-- wp:heading -->\n<h2>Va\u0161e kontaktn\u00ed \u00fadaje<\/h2>\n<!-- \/wp:heading -->\n\n<!-- wp:heading -->\n<h2>Dodate\u010dn\u00e9 informace<\/h2>\n<!-- \/wp:heading -->\n\n<!-- wp:heading {\"level\":3} -->\n<h3>Jak chr\u00e1n\u00edme va\u0161e osobn\u00ed \u00fadaje<\/h3>\n<!-- \/wp:heading -->\n\n<!-- wp:heading {\"level\":3} -->\n<h3>Jak\u00e9 m\u00e1me postupy p\u0159i \u00faniku informac\u00ed<\/h3>\n<!-- \/wp:heading -->\n\n<!-- wp:heading {\"level\":3} -->\n<h3>Od kter\u00fdch t\u0159et\u00edch stran z\u00edsk\u00e1v\u00e1me osobn\u00ed \u00fadaje?<\/h3>\n<!-- \/wp:heading -->\n\n<!-- wp:heading {\"level\":3} -->\n<h3>Jak\u00e9 automatizovan\u00e9 rozhodnut\u00ed prov\u00e1d\u00edme a\/nebo profilujeme u\u017eivatelsk\u00e1 data<\/h3>\n<!-- \/wp:heading -->\n\n<!-- wp:heading {\"level\":3} -->\n<h3>Informa\u010dn\u00ed povinnost regulovan\u00e9ho pr\u016fmyslu<\/h3>\n<!-- \/wp:heading -->","_et_gb_content_width":"","inline_featured_image":false,"footnotes":""},"class_list":["post-14046","page","type-page","status-publish","hentry"],"acf":[],"yoast_head":"<!-- This site is optimized with the Yoast SEO plugin v27.5 - https:\/\/yoast.com\/product\/yoast-seo-wordpress\/ -->\n<title>Privacy Policy - V\u00edno Radosti<\/title>\n<meta name=\"robots\" content=\"index, follow, max-snippet:-1, max-image-preview:large, max-video-preview:-1\" \/>\n<link rel=\"canonical\" href=\"https:\/\/www.vinoradosti.cz\/en\/ochrana-osobnich-udaju\/\" \/>\n<meta property=\"og:locale\" content=\"en_US\" \/>\n<meta property=\"og:type\" content=\"article\" \/>\n<meta property=\"og:title\" content=\"Privacy Policy - V\u00edno Radosti\" \/>\n<meta property=\"og:description\" content=\"Pros\u00edme, v\u011bnujte \u010das p\u0159e\u010dten\u00ed informac\u00ed o ochran\u011b...\" \/>\n<meta property=\"og:url\" content=\"https:\/\/www.vinoradosti.cz\/en\/ochrana-osobnich-udaju\/\" \/>\n<meta property=\"og:site_name\" content=\"V\u00edno Radosti\" \/>\n<meta property=\"article:modified_time\" content=\"2026-03-24T08:28:41+00:00\" \/>\n<meta name=\"twitter:card\" content=\"summary_large_image\" \/>\n<meta name=\"twitter:label1\" content=\"Est. reading time\" \/>\n\t<meta name=\"twitter:data1\" content=\"3 minutes\" \/>\n<script type=\"application\/ld+json\" class=\"yoast-schema-graph\">{\"@context\":\"https:\\\/\\\/schema.org\",\"@graph\":[{\"@type\":\"WebPage\",\"@id\":\"https:\\\/\\\/www.vinoradosti.cz\\\/en\\\/ochrana-osobnich-udaju\\\/\",\"url\":\"https:\\\/\\\/www.vinoradosti.cz\\\/en\\\/ochrana-osobnich-udaju\\\/\",\"name\":\"Privacy Policy - V\u00edno Radosti\",\"isPartOf\":{\"@id\":\"https:\\\/\\\/www.vinoradosti.cz\\\/en\\\/#website\"},\"datePublished\":\"2020-05-28T11:44:36+00:00\",\"dateModified\":\"2026-03-24T08:28:41+00:00\",\"breadcrumb\":{\"@id\":\"https:\\\/\\\/www.vinoradosti.cz\\\/en\\\/ochrana-osobnich-udaju\\\/#breadcrumb\"},\"inLanguage\":\"en-US\",\"potentialAction\":[{\"@type\":\"ReadAction\",\"target\":[\"https:\\\/\\\/www.vinoradosti.cz\\\/en\\\/ochrana-osobnich-udaju\\\/\"]}]},{\"@type\":\"BreadcrumbList\",\"@id\":\"https:\\\/\\\/www.vinoradosti.cz\\\/en\\\/ochrana-osobnich-udaju\\\/#breadcrumb\",\"itemListElement\":[{\"@type\":\"ListItem\",\"position\":1,\"name\":\"Dom\u016f\",\"item\":\"https:\\\/\\\/www.vinoradosti.cz\\\/en\\\/\"},{\"@type\":\"ListItem\",\"position\":2,\"name\":\"Privacy Policy\"}]},{\"@type\":\"WebSite\",\"@id\":\"https:\\\/\\\/www.vinoradosti.cz\\\/en\\\/#website\",\"url\":\"https:\\\/\\\/www.vinoradosti.cz\\\/en\\\/\",\"name\":\"V\u00edno Radosti\",\"description\":\"Objevte kr\u00e1su \u017eivota s na\u0161imi v\u00edny\",\"publisher\":{\"@id\":\"https:\\\/\\\/www.vinoradosti.cz\\\/en\\\/#organization\"},\"potentialAction\":[{\"@type\":\"SearchAction\",\"target\":{\"@type\":\"EntryPoint\",\"urlTemplate\":\"https:\\\/\\\/www.vinoradosti.cz\\\/en\\\/?s={search_term_string}\"},\"query-input\":{\"@type\":\"PropertyValueSpecification\",\"valueRequired\":true,\"valueName\":\"search_term_string\"}}],\"inLanguage\":\"en-US\"},{\"@type\":\"Organization\",\"@id\":\"https:\\\/\\\/www.vinoradosti.cz\\\/en\\\/#organization\",\"name\":\"V\u00edno \u0160\u00edlov\u00e1\",\"url\":\"https:\\\/\\\/www.vinoradosti.cz\\\/en\\\/\",\"logo\":{\"@type\":\"ImageObject\",\"inLanguage\":\"en-US\",\"@id\":\"https:\\\/\\\/www.vinoradosti.cz\\\/en\\\/#\\\/schema\\\/logo\\\/image\\\/\",\"url\":\"https:\\\/\\\/vinosilova.cz\\\/wp-content\\\/uploads\\\/2020\\\/05\\\/logo.png\",\"contentUrl\":\"https:\\\/\\\/vinosilova.cz\\\/wp-content\\\/uploads\\\/2020\\\/05\\\/logo.png\",\"width\":175,\"height\":174,\"caption\":\"V\u00edno \u0160\u00edlov\u00e1\"},\"image\":{\"@id\":\"https:\\\/\\\/www.vinoradosti.cz\\\/en\\\/#\\\/schema\\\/logo\\\/image\\\/\"}}]}<\/script>\n<!-- \/ Yoast SEO plugin. -->","yoast_head_json":{"title":"Privacy Policy - V\u00edno Radosti","robots":{"index":"index","follow":"follow","max-snippet":"max-snippet:-1","max-image-preview":"max-image-preview:large","max-video-preview":"max-video-preview:-1"},"canonical":"https:\/\/www.vinoradosti.cz\/en\/ochrana-osobnich-udaju\/","og_locale":"en_US","og_type":"article","og_title":"Privacy Policy - V\u00edno Radosti","og_description":"Pros\u00edme, v\u011bnujte \u010das p\u0159e\u010dten\u00ed informac\u00ed o ochran\u011b...","og_url":"https:\/\/www.vinoradosti.cz\/en\/ochrana-osobnich-udaju\/","og_site_name":"V\u00edno Radosti","article_modified_time":"2026-03-24T08:28:41+00:00","twitter_card":"summary_large_image","twitter_misc":{"Est. reading time":"3 minutes"},"schema":{"@context":"https:\/\/schema.org","@graph":[{"@type":"WebPage","@id":"https:\/\/www.vinoradosti.cz\/en\/ochrana-osobnich-udaju\/","url":"https:\/\/www.vinoradosti.cz\/en\/ochrana-osobnich-udaju\/","name":"Privacy Policy - V\u00edno Radosti","isPartOf":{"@id":"https:\/\/www.vinoradosti.cz\/en\/#website"},"datePublished":"2020-05-28T11:44:36+00:00","dateModified":"2026-03-24T08:28:41+00:00","breadcrumb":{"@id":"https:\/\/www.vinoradosti.cz\/en\/ochrana-osobnich-udaju\/#breadcrumb"},"inLanguage":"en-US","potentialAction":[{"@type":"ReadAction","target":["https:\/\/www.vinoradosti.cz\/en\/ochrana-osobnich-udaju\/"]}]},{"@type":"BreadcrumbList","@id":"https:\/\/www.vinoradosti.cz\/en\/ochrana-osobnich-udaju\/#breadcrumb","itemListElement":[{"@type":"ListItem","position":1,"name":"Dom\u016f","item":"https:\/\/www.vinoradosti.cz\/en\/"},{"@type":"ListItem","position":2,"name":"Privacy Policy"}]},{"@type":"WebSite","@id":"https:\/\/www.vinoradosti.cz\/en\/#website","url":"https:\/\/www.vinoradosti.cz\/en\/","name":"V\u00edno Radosti","description":"Objevte kr\u00e1su \u017eivota s na\u0161imi v\u00edny","publisher":{"@id":"https:\/\/www.vinoradosti.cz\/en\/#organization"},"potentialAction":[{"@type":"SearchAction","target":{"@type":"EntryPoint","urlTemplate":"https:\/\/www.vinoradosti.cz\/en\/?s={search_term_string}"},"query-input":{"@type":"PropertyValueSpecification","valueRequired":true,"valueName":"search_term_string"}}],"inLanguage":"en-US"},{"@type":"Organization","@id":"https:\/\/www.vinoradosti.cz\/en\/#organization","name":"V\u00edno \u0160\u00edlov\u00e1","url":"https:\/\/www.vinoradosti.cz\/en\/","logo":{"@type":"ImageObject","inLanguage":"en-US","@id":"https:\/\/www.vinoradosti.cz\/en\/#\/schema\/logo\/image\/","url":"https:\/\/vinosilova.cz\/wp-content\/uploads\/2020\/05\/logo.png","contentUrl":"https:\/\/vinosilova.cz\/wp-content\/uploads\/2020\/05\/logo.png","width":175,"height":174,"caption":"V\u00edno \u0160\u00edlov\u00e1"},"image":{"@id":"https:\/\/www.vinoradosti.cz\/en\/#\/schema\/logo\/image\/"}}]}},"_links":{"self":[{"href":"https:\/\/www.vinoradosti.cz\/en\/wp-json\/wp\/v2\/pages\/14046","targetHints":{"allow":["GET"]}}],"collection":[{"href":"https:\/\/www.vinoradosti.cz\/en\/wp-json\/wp\/v2\/pages"}],"about":[{"href":"https:\/\/www.vinoradosti.cz\/en\/wp-json\/wp\/v2\/types\/page"}],"author":[{"embeddable":true,"href":"https:\/\/www.vinoradosti.cz\/en\/wp-json\/wp\/v2\/users\/1"}],"replies":[{"embeddable":true,"href":"https:\/\/www.vinoradosti.cz\/en\/wp-json\/wp\/v2\/comments?post=14046"}],"version-history":[{"count":6,"href":"https:\/\/www.vinoradosti.cz\/en\/wp-json\/wp\/v2\/pages\/14046\/revisions"}],"predecessor-version":[{"id":14052,"href":"https:\/\/www.vinoradosti.cz\/en\/wp-json\/wp\/v2\/pages\/14046\/revisions\/14052"}],"wp:attachment":[{"href":"https:\/\/www.vinoradosti.cz\/en\/wp-json\/wp\/v2\/media?parent=14046"}],"curies":[{"name":"wp","href":"https:\/\/api.w.org\/{rel}","templated":true}]}}