{"id":13733,"date":"2020-05-28T15:38:37","date_gmt":"2020-05-28T13:38:37","guid":{"rendered":"https:\/\/vinoradosti.cz\/kontakty\/"},"modified":"2026-03-16T11:04:16","modified_gmt":"2026-03-16T10:04:16","slug":"kontakty","status":"publish","type":"page","link":"https:\/\/www.vinoradosti.cz\/en\/kontakty\/","title":{"rendered":"Contacts"},"content":{"rendered":"<p>[et_pb_section fb_built=&#8221;1&#8243; admin_label=&#8221;Fresh Ingredients&#8221; _builder_version=&#8221;4.16&#8243; background_enable_color=&#8221;off&#8221; custom_padding=&#8221;40px|0px|8px|0px||&#8221; global_colors_info=&#8221;{}&#8221;][et_pb_row _builder_version=&#8221;4.16&#8243; background_size=&#8221;initial&#8221; background_position=&#8221;top_left&#8221; background_repeat=&#8221;repeat&#8221; custom_margin=&#8221;|auto|-60px|auto||&#8221; custom_padding=&#8221;27px|0px|58px|0px||&#8221; custom_width_px=&#8221;1774px&#8221; global_colors_info=&#8221;{}&#8221;][et_pb_column type=&#8221;4_4&#8243; _builder_version=&#8221;4.16&#8243; custom_padding=&#8221;|||&#8221; global_colors_info=&#8221;{}&#8221; custom_padding__hover=&#8221;|||&#8221;][et_pb_text _builder_version=&#8221;4.27.5&#8243; text_font=&#8221;||||||||&#8221; header_font=&#8221;||||||||&#8221; header_3_font=&#8221;Montserrat|700||on|||||&#8221; header_3_text_color=&#8221;#bfbfbf&#8221; header_3_font_size=&#8221;14px&#8221; header_3_letter_spacing=&#8221;2px&#8221; header_3_line_height=&#8221;1.3em&#8221; custom_margin=&#8221;||12px|&#8221; custom_padding=&#8221;|||&#8221; animation_direction=&#8221;bottom&#8221; saved_tabs=&#8221;all&#8221; locked=&#8221;off&#8221; global_colors_info=&#8221;{}&#8221; text_letter_spacing__hover=&#8221;0px&#8221; text_letter_spacing__hover_enabled=&#8221;0px&#8221; text_line_height__hover=&#8221;1.7em&#8221; text_line_height__hover_enabled=&#8221;1.7em&#8221; text_orientation__hover=&#8221;left&#8221; text_orientation__hover_enabled=&#8221;left&#8221; text_font_size__hover=&#8221;14px&#8221; text_font_size__hover_enabled=&#8221;14px&#8221; text_text_shadow_style__hover=&#8221;none&#8221; text_text_shadow_style__hover_enabled=&#8221;none&#8221; text_text_shadow_color__hover=&#8221;rgba(0,0,0,0.4)&#8221; text_text_shadow_color__hover_enabled=&#8221;rgba(0,0,0,0.4)&#8221; link_font_size__hover=&#8221;14px&#8221; link_font_size__hover_enabled=&#8221;14px&#8221; link_letter_spacing__hover=&#8221;0px&#8221; link_letter_spacing__hover_enabled=&#8221;0px&#8221; link_line_height__hover=&#8221;1em&#8221; link_line_height__hover_enabled=&#8221;1em&#8221; link_text_shadow_style__hover=&#8221;none&#8221; link_text_shadow_style__hover_enabled=&#8221;none&#8221; link_text_shadow_color__hover=&#8221;rgba(0,0,0,0.4)&#8221; link_text_shadow_color__hover_enabled=&#8221;rgba(0,0,0,0.4)&#8221; ul_font_size__hover=&#8221;14px&#8221; ul_font_size__hover_enabled=&#8221;14px&#8221; ul_letter_spacing__hover=&#8221;0px&#8221; ul_letter_spacing__hover_enabled=&#8221;0px&#8221; ul_line_height__hover=&#8221;1em&#8221; ul_line_height__hover_enabled=&#8221;1em&#8221; ul_text_shadow_style__hover=&#8221;none&#8221; ul_text_shadow_style__hover_enabled=&#8221;none&#8221; ul_text_shadow_color__hover=&#8221;rgba(0,0,0,0.4)&#8221; ul_text_shadow_color__hover_enabled=&#8221;rgba(0,0,0,0.4)&#8221; ol_font_size__hover=&#8221;14px&#8221; ol_font_size__hover_enabled=&#8221;14px&#8221; ol_letter_spacing__hover=&#8221;0px&#8221; ol_letter_spacing__hover_enabled=&#8221;0px&#8221; ol_line_height__hover=&#8221;1em&#8221; ol_line_height__hover_enabled=&#8221;1em&#8221; ol_text_shadow_style__hover=&#8221;none&#8221; ol_text_shadow_style__hover_enabled=&#8221;none&#8221; ol_text_shadow_color__hover=&#8221;rgba(0,0,0,0.4)&#8221; ol_text_shadow_color__hover_enabled=&#8221;rgba(0,0,0,0.4)&#8221; quote_font_size__hover=&#8221;14px&#8221; quote_font_size__hover_enabled=&#8221;14px&#8221; quote_letter_spacing__hover=&#8221;0px&#8221; quote_letter_spacing__hover_enabled=&#8221;0px&#8221; quote_line_height__hover=&#8221;1em&#8221; quote_line_height__hover_enabled=&#8221;1em&#8221; quote_text_shadow_style__hover=&#8221;none&#8221; quote_text_shadow_style__hover_enabled=&#8221;none&#8221; quote_text_shadow_color__hover=&#8221;rgba(0,0,0,0.4)&#8221; quote_text_shadow_color__hover_enabled=&#8221;rgba(0,0,0,0.4)&#8221; background_layout__hover=&#8221;light&#8221; background_layout__hover_enabled=&#8221;light&#8221;]<\/p>\n<h3>don&#8217;t hesitate to ask<\/h3>\n<div id=\"gtx-trans\" style=\"position: absolute; left: 172px; top: -5.78125px;\">\n<div class=\"gtx-trans-icon\"><\/div>\n<\/div>\n<p>[\/et_pb_text][et_pb_text _builder_version=&#8221;4.16&#8243; _module_preset=&#8221;default&#8221; global_colors_info=&#8221;{}&#8221;]<\/p>\n<h1>Contacts<\/h1>\n<p>[\/et_pb_text][\/et_pb_column][\/et_pb_row][et_pb_row column_structure=&#8221;1_2,1_2&#8243; _builder_version=&#8221;4.16&#8243; _module_preset=&#8221;default&#8221; min_height=&#8221;310px&#8221; custom_margin=&#8221;|auto|-63px|auto||&#8221; custom_padding=&#8221;53px||0px|||&#8221; global_colors_info=&#8221;{}&#8221;][et_pb_column type=&#8221;1_2&#8243; _builder_version=&#8221;4.16&#8243; _module_preset=&#8221;default&#8221; global_colors_info=&#8221;{}&#8221;][et_pb_text _builder_version=&#8221;4.23.1&#8243; header_4_font=&#8221;Bellefair||||||||&#8221; header_4_text_color=&#8221;#000000&#8243; header_4_font_size=&#8221;30px&#8221; min_height=&#8221;246.2px&#8221; custom_margin=&#8221;||-6px|||&#8221; global_colors_info=&#8221;{}&#8221;]<\/p>\n<h4><span>Executive Director<\/span><\/h4>\n<p>\u00a0Ji\u0159\u00ed He\u0159man<br \/>Tel.: 724 820 838<br \/>Email: jiri.herman@vinoradosti.cz<\/p>\n<h4><\/h4>\n<h4><\/h4>\n<h4><\/h4>\n<h4><\/h4>\n<h4><\/h4>\n<h4>Operations, Sales, Events<\/h4>\n<p>Luk\u00e1\u0161 Str\u00f3\u017eewski<br \/>Tel.: 732 492 341<br \/>Email: provozni@vinoradosti.cz<\/p>\n<h4><\/h4>\n<p><span> \u00a0 \u00a0 \u00a0 \u00a0 \u00a0 \u00a0 \u00a0 \u00a0 \u00a0 \u00a0 \u00a0 \u00a0 \u00a0 \u00a0<\/span><\/p>\n<p><span><\/span><\/p>\n<p>&nbsp;<\/p>\n<p>&nbsp;<\/p>\n<p>[\/et_pb_text][\/et_pb_column][et_pb_column type=&#8221;1_2&#8243; _builder_version=&#8221;4.16&#8243; _module_preset=&#8221;default&#8221; global_colors_info=&#8221;{}&#8221;][et_pb_text _builder_version=&#8221;4.27.5&#8243; header_4_font=&#8221;Bellefair||||||||&#8221; header_4_text_color=&#8221;#000000&#8243; header_4_font_size=&#8221;30px&#8221; global_colors_info=&#8221;{}&#8221;]<\/p>\n<h4>Restaurant<\/h4>\n<p>Reservation: 703 144 007<\/p>\n<h4 style=\"font-variant-ligatures: normal; font-variant-caps: normal; text-align: center; background-color: #ffffff; letter-spacing: normal;\"><\/h4>\n<h4 style=\"font-variant-ligatures: normal; font-variant-caps: normal; text-align: center; background-color: #ffffff; letter-spacing: normal;\">Accommodation<\/h4>\n<p>Tel.: 604 568 541<br \/>Email: recepce@vinoradosti.cz<\/p>\n<h4><\/h4>\n<h4><\/h4>\n<h4>Wine Shop on the Square<\/h4>\n<p>Tel.: 519 510 368<span><br \/>Email: vinoteka@vinoradosti.cz<\/span><span><\/span><\/p>\n<h4><\/h4>\n<p>[\/et_pb_text][\/et_pb_column][\/et_pb_row][et_pb_row _builder_version=&#8221;4.16&#8243; _module_preset=&#8221;default&#8221; min_height=&#8221;310px&#8221; custom_padding=&#8221;53px||0px|||&#8221; global_colors_info=&#8221;{}&#8221;][et_pb_column type=&#8221;4_4&#8243; _builder_version=&#8221;4.16&#8243; _module_preset=&#8221;default&#8221; global_colors_info=&#8221;{}&#8221;][et_pb_text disabled_on=&#8221;off|off|off&#8221; _builder_version=&#8221;4.16&#8243; text_font=&#8221;||||||||&#8221; header_font=&#8221;||||||||&#8221; header_text_color=&#8221;#000000&#8243; background_layout=&#8221;dark&#8221; global_colors_info=&#8221;{}&#8221; header_font_size__hover=&#8221;30px&#8221; header_font_size__hover_enabled=&#8221;30px&#8221; header_letter_spacing__hover=&#8221;0px&#8221; header_letter_spacing__hover_enabled=&#8221;0px&#8221; header_text_shadow_style__hover=&#8221;none&#8221; header_text_shadow_style__hover_enabled=&#8221;none&#8221; header_text_shadow_color__hover=&#8221;rgba(0,0,0,0.4)&#8221; header_text_shadow_color__hover_enabled=&#8221;rgba(0,0,0,0.4)&#8221;]<\/p>\n<h1 class=\"uk-h2 uk-margin-top-remove\">Company Headquarters<\/h1>\n<p>V\u00edno \u0160\u00edlov\u00e1, s.r.o.<br \/>V\u00edde\u0148sk\u00e1 5,\u00a0692 01 Mikulov<\/p>\n<p>I\u010c:\u00a008669287<br \/>DI\u010c:\u00a0CZ08669287<\/p>\n<p>[\/et_pb_text][\/et_pb_column][\/et_pb_row][et_pb_row _builder_version=&#8221;4.16&#8243; _module_preset=&#8221;default&#8221; global_colors_info=&#8221;{}&#8221;][et_pb_column type=&#8221;4_4&#8243; _builder_version=&#8221;4.16&#8243; _module_preset=&#8221;default&#8221; global_colors_info=&#8221;{}&#8221;][et_pb_text disabled_on=&#8221;off|off|off&#8221; _builder_version=&#8221;4.20.1&#8243; text_font=&#8221;||||||||&#8221; header_font=&#8221;||||||||&#8221; header_text_color=&#8221;#000000&#8243; background_layout=&#8221;dark&#8221; global_colors_info=&#8221;{}&#8221; header_font_size__hover=&#8221;30px&#8221; header_font_size__hover_enabled=&#8221;30px&#8221; header_letter_spacing__hover=&#8221;0px&#8221; header_letter_spacing__hover_enabled=&#8221;0px&#8221; header_text_shadow_style__hover=&#8221;none&#8221; header_text_shadow_style__hover_enabled=&#8221;none&#8221; header_text_shadow_color__hover=&#8221;rgba(0,0,0,0.4)&#8221; header_text_shadow_color__hover_enabled=&#8221;rgba(0,0,0,0.4)&#8221;]<\/p>\n<h1 class=\"uk-h2 uk-margin-top-remove\">Find us on Facebook<\/h1>\n<p>[\/et_pb_text][\/et_pb_column][\/et_pb_row][et_pb_row column_structure=&#8221;1_2,1_2&#8243; _builder_version=&#8221;4.16&#8243; _module_preset=&#8221;default&#8221; custom_padding=&#8221;||7px|||&#8221; global_colors_info=&#8221;{}&#8221;][et_pb_column type=&#8221;1_2&#8243; _builder_version=&#8221;4.16&#8243; _module_preset=&#8221;default&#8221; global_colors_info=&#8221;{}&#8221;][et_pb_text _builder_version=&#8221;4.27.5&#8243; _module_preset=&#8221;default&#8221; header_4_font=&#8221;Bellefair||||||||&#8221; header_4_text_color=&#8221;#000000&#8243; header_4_font_size=&#8221;30px&#8221; global_colors_info=&#8221;{}&#8221;]<\/p>\n<h4>Wine Shop<\/h4>\n<p>[\/et_pb_text][et_pb_social_media_follow use_icon_font_size=&#8221;on&#8221; _builder_version=&#8221;4.16&#8243; _module_preset=&#8221;default&#8221; text_orientation=&#8221;center&#8221; global_colors_info=&#8221;{}&#8221;][et_pb_social_media_follow_network social_network=&#8221;facebook&#8221; url=&#8221;https:\/\/www.facebook.com\/obchodsvinem&#8221; use_icon_font_size=&#8221;on&#8221; icon_font_size=&#8221;21px&#8221; _builder_version=&#8221;4.16&#8243; _module_preset=&#8221;default&#8221; background_color=&#8221;#af9953&#8243; background_enable_color=&#8221;on&#8221; border_radii=&#8221;on|30px|30px|30px|30px&#8221; global_colors_info=&#8221;{}&#8221; follow_button=&#8221;off&#8221; url_new_window=&#8221;on&#8221;]facebook[\/et_pb_social_media_follow_network][\/et_pb_social_media_follow][\/et_pb_column][et_pb_column type=&#8221;1_2&#8243; _builder_version=&#8221;4.16&#8243; _module_preset=&#8221;default&#8221; global_colors_info=&#8221;{}&#8221;][et_pb_text _builder_version=&#8221;4.27.5&#8243; _module_preset=&#8221;default&#8221; header_4_font=&#8221;Bellefair||||||||&#8221; header_4_text_color=&#8221;#000000&#8243; header_4_font_size=&#8221;30px&#8221; global_colors_info=&#8221;{}&#8221;]<\/p>\n<h4>Winery<\/h4>\n<p>[\/et_pb_text][et_pb_social_media_follow use_icon_font_size=&#8221;on&#8221; _builder_version=&#8221;4.16&#8243; _module_preset=&#8221;default&#8221; text_orientation=&#8221;center&#8221; global_colors_info=&#8221;{}&#8221;][et_pb_social_media_follow_network social_network=&#8221;facebook&#8221; url=&#8221;https:\/\/www.facebook.com\/vinarstvisilova\/&#8221; use_icon_font_size=&#8221;on&#8221; icon_font_size=&#8221;21px&#8221; _builder_version=&#8221;4.16&#8243; _module_preset=&#8221;default&#8221; background_color=&#8221;#af9953&#8243; background_enable_color=&#8221;on&#8221; border_radii=&#8221;on|30px|30px|30px|30px&#8221; global_colors_info=&#8221;{}&#8221; follow_button=&#8221;off&#8221; url_new_window=&#8221;on&#8221;]facebook[\/et_pb_social_media_follow_network][\/et_pb_social_media_follow][\/et_pb_column][\/et_pb_row][\/et_pb_section]<\/p>\n","protected":false},"excerpt":{"rendered":"<p>don&#8217;t hesitate to ask Contacts Executive&#8230;<\/p>\n","protected":false},"author":1,"featured_media":13464,"parent":0,"menu_order":0,"comment_status":"closed","ping_status":"closed","template":"page-subpage.php","meta":{"_acf_changed":false,"_et_pb_use_builder":"on","_et_pb_old_content":"","_et_gb_content_width":"","inline_featured_image":false,"footnotes":""},"class_list":["post-13733","page","type-page","status-publish","has-post-thumbnail","hentry"],"acf":[],"yoast_head":"<!-- This site is optimized with the Yoast SEO plugin v27.5 - https:\/\/yoast.com\/product\/yoast-seo-wordpress\/ -->\n<title>Contacts - V\u00edno Radosti - K va\u0161\u00edm slu\u017eb\u00e1m<\/title>\n<meta name=\"description\" content=\"Vina\u0159stv\u00ed V\u00edno \u0160\u00edlov\u00e1 s.r.o., V\u00edde\u0148sk\u00e1 5, 692 01 Mikulov. E-mail vino@silova.cz. Restaurace a ubytov\u00e1n\u00ed: +420 721 123 444.\" \/>\n<meta name=\"robots\" content=\"index, follow, max-snippet:-1, max-image-preview:large, max-video-preview:-1\" \/>\n<link rel=\"canonical\" href=\"https:\/\/www.vinoradosti.cz\/en\/kontakty\/\" \/>\n<meta property=\"og:locale\" content=\"en_US\" \/>\n<meta property=\"og:type\" content=\"article\" \/>\n<meta property=\"og:title\" content=\"Contacts - V\u00edno Radosti - K va\u0161\u00edm slu\u017eb\u00e1m\" \/>\n<meta property=\"og:description\" content=\"Vina\u0159stv\u00ed V\u00edno \u0160\u00edlov\u00e1 s.r.o., V\u00edde\u0148sk\u00e1 5, 692 01 Mikulov. E-mail vino@silova.cz. Restaurace a ubytov\u00e1n\u00ed: +420 721 123 444.\" \/>\n<meta property=\"og:url\" content=\"https:\/\/www.vinoradosti.cz\/en\/kontakty\/\" \/>\n<meta property=\"og:site_name\" content=\"V\u00edno Radosti\" \/>\n<meta property=\"article:modified_time\" content=\"2026-03-16T10:04:16+00:00\" \/>\n<meta property=\"og:image\" content=\"https:\/\/www.vinoradosti.cz\/wp-content\/uploads\/2020\/06\/hp-banner.png\" \/>\n\t<meta property=\"og:image:width\" content=\"1600\" \/>\n\t<meta property=\"og:image:height\" content=\"890\" \/>\n\t<meta property=\"og:image:type\" content=\"image\/png\" \/>\n<meta name=\"twitter:card\" content=\"summary_large_image\" \/>\n<meta name=\"twitter:label1\" content=\"Est. reading time\" \/>\n\t<meta name=\"twitter:data1\" content=\"1 minute\" \/>\n<script type=\"application\/ld+json\" class=\"yoast-schema-graph\">{\"@context\":\"https:\\\/\\\/schema.org\",\"@graph\":[{\"@type\":\"WebPage\",\"@id\":\"https:\\\/\\\/www.vinoradosti.cz\\\/en\\\/kontakty\\\/\",\"url\":\"https:\\\/\\\/www.vinoradosti.cz\\\/en\\\/kontakty\\\/\",\"name\":\"Contacts - V\u00edno Radosti - K va\u0161\u00edm slu\u017eb\u00e1m\",\"isPartOf\":{\"@id\":\"https:\\\/\\\/www.vinoradosti.cz\\\/en\\\/#website\"},\"primaryImageOfPage\":{\"@id\":\"https:\\\/\\\/www.vinoradosti.cz\\\/en\\\/kontakty\\\/#primaryimage\"},\"image\":{\"@id\":\"https:\\\/\\\/www.vinoradosti.cz\\\/en\\\/kontakty\\\/#primaryimage\"},\"thumbnailUrl\":\"https:\\\/\\\/www.vinoradosti.cz\\\/wp-content\\\/uploads\\\/2020\\\/06\\\/hp-banner.png\",\"datePublished\":\"2020-05-28T13:38:37+00:00\",\"dateModified\":\"2026-03-16T10:04:16+00:00\",\"description\":\"Vina\u0159stv\u00ed V\u00edno \u0160\u00edlov\u00e1 s.r.o., V\u00edde\u0148sk\u00e1 5, 692 01 Mikulov. E-mail vino@silova.cz. Restaurace a ubytov\u00e1n\u00ed: +420 721 123 444.\",\"breadcrumb\":{\"@id\":\"https:\\\/\\\/www.vinoradosti.cz\\\/en\\\/kontakty\\\/#breadcrumb\"},\"inLanguage\":\"en-US\",\"potentialAction\":[{\"@type\":\"ReadAction\",\"target\":[\"https:\\\/\\\/www.vinoradosti.cz\\\/en\\\/kontakty\\\/\"]}]},{\"@type\":\"ImageObject\",\"inLanguage\":\"en-US\",\"@id\":\"https:\\\/\\\/www.vinoradosti.cz\\\/en\\\/kontakty\\\/#primaryimage\",\"url\":\"https:\\\/\\\/www.vinoradosti.cz\\\/wp-content\\\/uploads\\\/2020\\\/06\\\/hp-banner.png\",\"contentUrl\":\"https:\\\/\\\/www.vinoradosti.cz\\\/wp-content\\\/uploads\\\/2020\\\/06\\\/hp-banner.png\",\"width\":1600,\"height\":890},{\"@type\":\"BreadcrumbList\",\"@id\":\"https:\\\/\\\/www.vinoradosti.cz\\\/en\\\/kontakty\\\/#breadcrumb\",\"itemListElement\":[{\"@type\":\"ListItem\",\"position\":1,\"name\":\"Dom\u016f\",\"item\":\"https:\\\/\\\/www.vinoradosti.cz\\\/en\\\/\"},{\"@type\":\"ListItem\",\"position\":2,\"name\":\"Contacts\"}]},{\"@type\":\"WebSite\",\"@id\":\"https:\\\/\\\/www.vinoradosti.cz\\\/en\\\/#website\",\"url\":\"https:\\\/\\\/www.vinoradosti.cz\\\/en\\\/\",\"name\":\"V\u00edno Radosti\",\"description\":\"Objevte kr\u00e1su \u017eivota s na\u0161imi v\u00edny\",\"publisher\":{\"@id\":\"https:\\\/\\\/www.vinoradosti.cz\\\/en\\\/#organization\"},\"potentialAction\":[{\"@type\":\"SearchAction\",\"target\":{\"@type\":\"EntryPoint\",\"urlTemplate\":\"https:\\\/\\\/www.vinoradosti.cz\\\/en\\\/?s={search_term_string}\"},\"query-input\":{\"@type\":\"PropertyValueSpecification\",\"valueRequired\":true,\"valueName\":\"search_term_string\"}}],\"inLanguage\":\"en-US\"},{\"@type\":\"Organization\",\"@id\":\"https:\\\/\\\/www.vinoradosti.cz\\\/en\\\/#organization\",\"name\":\"V\u00edno \u0160\u00edlov\u00e1\",\"url\":\"https:\\\/\\\/www.vinoradosti.cz\\\/en\\\/\",\"logo\":{\"@type\":\"ImageObject\",\"inLanguage\":\"en-US\",\"@id\":\"https:\\\/\\\/www.vinoradosti.cz\\\/en\\\/#\\\/schema\\\/logo\\\/image\\\/\",\"url\":\"https:\\\/\\\/vinosilova.cz\\\/wp-content\\\/uploads\\\/2020\\\/05\\\/logo.png\",\"contentUrl\":\"https:\\\/\\\/vinosilova.cz\\\/wp-content\\\/uploads\\\/2020\\\/05\\\/logo.png\",\"width\":175,\"height\":174,\"caption\":\"V\u00edno \u0160\u00edlov\u00e1\"},\"image\":{\"@id\":\"https:\\\/\\\/www.vinoradosti.cz\\\/en\\\/#\\\/schema\\\/logo\\\/image\\\/\"}}]}<\/script>\n<!-- \/ Yoast SEO plugin. -->","yoast_head_json":{"title":"Contacts - V\u00edno Radosti - K va\u0161\u00edm slu\u017eb\u00e1m","description":"Vina\u0159stv\u00ed V\u00edno \u0160\u00edlov\u00e1 s.r.o., V\u00edde\u0148sk\u00e1 5, 692 01 Mikulov. E-mail vino@silova.cz. Restaurace a ubytov\u00e1n\u00ed: +420 721 123 444.","robots":{"index":"index","follow":"follow","max-snippet":"max-snippet:-1","max-image-preview":"max-image-preview:large","max-video-preview":"max-video-preview:-1"},"canonical":"https:\/\/www.vinoradosti.cz\/en\/kontakty\/","og_locale":"en_US","og_type":"article","og_title":"Contacts - V\u00edno Radosti - K va\u0161\u00edm slu\u017eb\u00e1m","og_description":"Vina\u0159stv\u00ed V\u00edno \u0160\u00edlov\u00e1 s.r.o., V\u00edde\u0148sk\u00e1 5, 692 01 Mikulov. E-mail vino@silova.cz. Restaurace a ubytov\u00e1n\u00ed: +420 721 123 444.","og_url":"https:\/\/www.vinoradosti.cz\/en\/kontakty\/","og_site_name":"V\u00edno Radosti","article_modified_time":"2026-03-16T10:04:16+00:00","og_image":[{"width":1600,"height":890,"url":"https:\/\/www.vinoradosti.cz\/wp-content\/uploads\/2020\/06\/hp-banner.png","type":"image\/png"}],"twitter_card":"summary_large_image","twitter_misc":{"Est. reading time":"1 minute"},"schema":{"@context":"https:\/\/schema.org","@graph":[{"@type":"WebPage","@id":"https:\/\/www.vinoradosti.cz\/en\/kontakty\/","url":"https:\/\/www.vinoradosti.cz\/en\/kontakty\/","name":"Contacts - V\u00edno Radosti - K va\u0161\u00edm slu\u017eb\u00e1m","isPartOf":{"@id":"https:\/\/www.vinoradosti.cz\/en\/#website"},"primaryImageOfPage":{"@id":"https:\/\/www.vinoradosti.cz\/en\/kontakty\/#primaryimage"},"image":{"@id":"https:\/\/www.vinoradosti.cz\/en\/kontakty\/#primaryimage"},"thumbnailUrl":"https:\/\/www.vinoradosti.cz\/wp-content\/uploads\/2020\/06\/hp-banner.png","datePublished":"2020-05-28T13:38:37+00:00","dateModified":"2026-03-16T10:04:16+00:00","description":"Vina\u0159stv\u00ed V\u00edno \u0160\u00edlov\u00e1 s.r.o., V\u00edde\u0148sk\u00e1 5, 692 01 Mikulov. E-mail vino@silova.cz. Restaurace a ubytov\u00e1n\u00ed: +420 721 123 444.","breadcrumb":{"@id":"https:\/\/www.vinoradosti.cz\/en\/kontakty\/#breadcrumb"},"inLanguage":"en-US","potentialAction":[{"@type":"ReadAction","target":["https:\/\/www.vinoradosti.cz\/en\/kontakty\/"]}]},{"@type":"ImageObject","inLanguage":"en-US","@id":"https:\/\/www.vinoradosti.cz\/en\/kontakty\/#primaryimage","url":"https:\/\/www.vinoradosti.cz\/wp-content\/uploads\/2020\/06\/hp-banner.png","contentUrl":"https:\/\/www.vinoradosti.cz\/wp-content\/uploads\/2020\/06\/hp-banner.png","width":1600,"height":890},{"@type":"BreadcrumbList","@id":"https:\/\/www.vinoradosti.cz\/en\/kontakty\/#breadcrumb","itemListElement":[{"@type":"ListItem","position":1,"name":"Dom\u016f","item":"https:\/\/www.vinoradosti.cz\/en\/"},{"@type":"ListItem","position":2,"name":"Contacts"}]},{"@type":"WebSite","@id":"https:\/\/www.vinoradosti.cz\/en\/#website","url":"https:\/\/www.vinoradosti.cz\/en\/","name":"V\u00edno Radosti","description":"Objevte kr\u00e1su \u017eivota s na\u0161imi v\u00edny","publisher":{"@id":"https:\/\/www.vinoradosti.cz\/en\/#organization"},"potentialAction":[{"@type":"SearchAction","target":{"@type":"EntryPoint","urlTemplate":"https:\/\/www.vinoradosti.cz\/en\/?s={search_term_string}"},"query-input":{"@type":"PropertyValueSpecification","valueRequired":true,"valueName":"search_term_string"}}],"inLanguage":"en-US"},{"@type":"Organization","@id":"https:\/\/www.vinoradosti.cz\/en\/#organization","name":"V\u00edno \u0160\u00edlov\u00e1","url":"https:\/\/www.vinoradosti.cz\/en\/","logo":{"@type":"ImageObject","inLanguage":"en-US","@id":"https:\/\/www.vinoradosti.cz\/en\/#\/schema\/logo\/image\/","url":"https:\/\/vinosilova.cz\/wp-content\/uploads\/2020\/05\/logo.png","contentUrl":"https:\/\/vinosilova.cz\/wp-content\/uploads\/2020\/05\/logo.png","width":175,"height":174,"caption":"V\u00edno \u0160\u00edlov\u00e1"},"image":{"@id":"https:\/\/www.vinoradosti.cz\/en\/#\/schema\/logo\/image\/"}}]}},"_links":{"self":[{"href":"https:\/\/www.vinoradosti.cz\/en\/wp-json\/wp\/v2\/pages\/13733","targetHints":{"allow":["GET"]}}],"collection":[{"href":"https:\/\/www.vinoradosti.cz\/en\/wp-json\/wp\/v2\/pages"}],"about":[{"href":"https:\/\/www.vinoradosti.cz\/en\/wp-json\/wp\/v2\/types\/page"}],"author":[{"embeddable":true,"href":"https:\/\/www.vinoradosti.cz\/en\/wp-json\/wp\/v2\/users\/1"}],"replies":[{"embeddable":true,"href":"https:\/\/www.vinoradosti.cz\/en\/wp-json\/wp\/v2\/comments?post=13733"}],"version-history":[{"count":8,"href":"https:\/\/www.vinoradosti.cz\/en\/wp-json\/wp\/v2\/pages\/13733\/revisions"}],"predecessor-version":[{"id":13886,"href":"https:\/\/www.vinoradosti.cz\/en\/wp-json\/wp\/v2\/pages\/13733\/revisions\/13886"}],"wp:featuredmedia":[{"embeddable":true,"href":"https:\/\/www.vinoradosti.cz\/en\/wp-json\/wp\/v2\/media\/13464"}],"wp:attachment":[{"href":"https:\/\/www.vinoradosti.cz\/en\/wp-json\/wp\/v2\/media?parent=13733"}],"curies":[{"name":"wp","href":"https:\/\/api.w.org\/{rel}","templated":true}]}}