{"id":13645,"date":"2020-08-04T21:55:59","date_gmt":"2020-08-04T19:55:59","guid":{"rendered":"https:\/\/vinoradosti.cz\/vinoteka-na-namesti\/"},"modified":"2026-03-13T16:23:50","modified_gmt":"2026-03-13T15:23:50","slug":"vinoteka-na-namesti","status":"publish","type":"page","link":"https:\/\/www.vinoradosti.cz\/en\/vinoteka-na-namesti\/","title":{"rendered":"Wine shop on the square"},"content":{"rendered":"<p>[et_pb_section fb_built=&#8221;1&#8243; _builder_version=&#8221;4.27.3&#8243; _module_preset=&#8221;default&#8221; global_colors_info=&#8221;{}&#8221;][et_pb_row _builder_version=&#8221;4.27.3&#8243; _module_preset=&#8221;default&#8221; global_colors_info=&#8221;{}&#8221;][et_pb_column type=&#8221;4_4&#8243; _builder_version=&#8221;4.27.3&#8243; _module_preset=&#8221;default&#8221; global_colors_info=&#8221;{}&#8221;][et_pb_text _builder_version=&#8221;4.27.3&#8243; _module_preset=&#8221;default&#8221; global_colors_info=&#8221;{}&#8221;]<\/p>\n<p>Located in the heart of Mikulov, this wine shop offers hundreds of the finest wines, all locally produced, at prices comparable to those found directly at the winery.<\/p>\n<p>In the stylish space designed by world-renowned architect Ivan Kroupa, you can sample a selection of 24 wines from open bottles every day using modern Italian Enomatic technology. You can round off your visit to our wine shop with a cup of excellent, freshly roasted Zermatt coffee.\u00a0<\/p>\n<p>Enomatic technology preserves all the wine\u2019s qualities without the slightest oxidation for up to 3 weeks. The top quality of the wines offered is guaranteed by automatic nozzle cleaning. User-friendly, computer-controlled dispensing ensures a relaxed tasting experience.<\/p>\n<p>[\/et_pb_text][\/et_pb_column][\/et_pb_row][\/et_pb_section]<\/p>\n","protected":false},"excerpt":{"rendered":"<p>Located in the heart of Mikulov, this wine shop&#8230;<\/p>\n","protected":false},"author":1,"featured_media":0,"parent":0,"menu_order":0,"comment_status":"closed","ping_status":"closed","template":"page-subpage.php","meta":{"_acf_changed":false,"_et_pb_use_builder":"on","_et_pb_old_content":"","_et_gb_content_width":"","inline_featured_image":false,"footnotes":""},"class_list":["post-13645","page","type-page","status-publish","hentry"],"acf":[],"yoast_head":"<!-- This site is optimized with the Yoast SEO plugin v27.5 - https:\/\/yoast.com\/product\/yoast-seo-wordpress\/ -->\n<title>Wine shop on the square - V\u00edno Radosti - Kr\u00e1sa v\u00edna Mikulovska<\/title>\n<meta name=\"description\" content=\"Vinot\u00e9ka na N\u00e1m\u011bst\u00ed je nov\u011b zrekonstruovan\u00e1 vinot\u00e9ka v sam\u00e9m srdci Mikulova nab\u00edz\u00ed stovky t\u011bch nejlep\u0161\u00edch v\u00edn v\u00fdhradn\u011b z m\u00edstn\u00ed produkce.\" \/>\n<meta name=\"robots\" content=\"index, follow, max-snippet:-1, max-image-preview:large, max-video-preview:-1\" \/>\n<link rel=\"canonical\" href=\"https:\/\/www.vinoradosti.cz\/en\/vinoteka-na-namesti\/\" \/>\n<meta property=\"og:locale\" content=\"en_US\" \/>\n<meta property=\"og:type\" content=\"article\" \/>\n<meta property=\"og:title\" content=\"Wine shop on the square - V\u00edno Radosti - Kr\u00e1sa v\u00edna Mikulovska\" \/>\n<meta property=\"og:description\" content=\"Vinot\u00e9ka na N\u00e1m\u011bst\u00ed je nov\u011b zrekonstruovan\u00e1 vinot\u00e9ka v sam\u00e9m srdci Mikulova nab\u00edz\u00ed stovky t\u011bch nejlep\u0161\u00edch v\u00edn v\u00fdhradn\u011b z m\u00edstn\u00ed produkce.\" \/>\n<meta property=\"og:url\" content=\"https:\/\/www.vinoradosti.cz\/en\/vinoteka-na-namesti\/\" \/>\n<meta property=\"og:site_name\" content=\"V\u00edno Radosti\" \/>\n<meta property=\"article:modified_time\" content=\"2026-03-13T15:23:50+00:00\" \/>\n<meta name=\"twitter:card\" content=\"summary_large_image\" \/>\n<meta name=\"twitter:label1\" content=\"Est. reading time\" \/>\n\t<meta name=\"twitter:data1\" content=\"1 minute\" \/>\n<script type=\"application\/ld+json\" class=\"yoast-schema-graph\">{\"@context\":\"https:\\\/\\\/schema.org\",\"@graph\":[{\"@type\":\"WebPage\",\"@id\":\"https:\\\/\\\/www.vinoradosti.cz\\\/en\\\/vinoteka-na-namesti\\\/\",\"url\":\"https:\\\/\\\/www.vinoradosti.cz\\\/en\\\/vinoteka-na-namesti\\\/\",\"name\":\"Wine shop on the square - V\u00edno Radosti - Kr\u00e1sa v\u00edna Mikulovska\",\"isPartOf\":{\"@id\":\"https:\\\/\\\/www.vinoradosti.cz\\\/en\\\/#website\"},\"datePublished\":\"2020-08-04T19:55:59+00:00\",\"dateModified\":\"2026-03-13T15:23:50+00:00\",\"description\":\"Vinot\u00e9ka na N\u00e1m\u011bst\u00ed je nov\u011b zrekonstruovan\u00e1 vinot\u00e9ka v sam\u00e9m srdci Mikulova nab\u00edz\u00ed stovky t\u011bch nejlep\u0161\u00edch v\u00edn v\u00fdhradn\u011b z m\u00edstn\u00ed produkce.\",\"breadcrumb\":{\"@id\":\"https:\\\/\\\/www.vinoradosti.cz\\\/en\\\/vinoteka-na-namesti\\\/#breadcrumb\"},\"inLanguage\":\"en-US\",\"potentialAction\":[{\"@type\":\"ReadAction\",\"target\":[\"https:\\\/\\\/www.vinoradosti.cz\\\/en\\\/vinoteka-na-namesti\\\/\"]}]},{\"@type\":\"BreadcrumbList\",\"@id\":\"https:\\\/\\\/www.vinoradosti.cz\\\/en\\\/vinoteka-na-namesti\\\/#breadcrumb\",\"itemListElement\":[{\"@type\":\"ListItem\",\"position\":1,\"name\":\"Dom\u016f\",\"item\":\"https:\\\/\\\/www.vinoradosti.cz\\\/en\\\/\"},{\"@type\":\"ListItem\",\"position\":2,\"name\":\"Wine shop on the square\"}]},{\"@type\":\"WebSite\",\"@id\":\"https:\\\/\\\/www.vinoradosti.cz\\\/en\\\/#website\",\"url\":\"https:\\\/\\\/www.vinoradosti.cz\\\/en\\\/\",\"name\":\"V\u00edno Radosti\",\"description\":\"Objevte kr\u00e1su \u017eivota s na\u0161imi v\u00edny\",\"publisher\":{\"@id\":\"https:\\\/\\\/www.vinoradosti.cz\\\/en\\\/#organization\"},\"potentialAction\":[{\"@type\":\"SearchAction\",\"target\":{\"@type\":\"EntryPoint\",\"urlTemplate\":\"https:\\\/\\\/www.vinoradosti.cz\\\/en\\\/?s={search_term_string}\"},\"query-input\":{\"@type\":\"PropertyValueSpecification\",\"valueRequired\":true,\"valueName\":\"search_term_string\"}}],\"inLanguage\":\"en-US\"},{\"@type\":\"Organization\",\"@id\":\"https:\\\/\\\/www.vinoradosti.cz\\\/en\\\/#organization\",\"name\":\"V\u00edno \u0160\u00edlov\u00e1\",\"url\":\"https:\\\/\\\/www.vinoradosti.cz\\\/en\\\/\",\"logo\":{\"@type\":\"ImageObject\",\"inLanguage\":\"en-US\",\"@id\":\"https:\\\/\\\/www.vinoradosti.cz\\\/en\\\/#\\\/schema\\\/logo\\\/image\\\/\",\"url\":\"https:\\\/\\\/vinosilova.cz\\\/wp-content\\\/uploads\\\/2020\\\/05\\\/logo.png\",\"contentUrl\":\"https:\\\/\\\/vinosilova.cz\\\/wp-content\\\/uploads\\\/2020\\\/05\\\/logo.png\",\"width\":175,\"height\":174,\"caption\":\"V\u00edno \u0160\u00edlov\u00e1\"},\"image\":{\"@id\":\"https:\\\/\\\/www.vinoradosti.cz\\\/en\\\/#\\\/schema\\\/logo\\\/image\\\/\"}}]}<\/script>\n<!-- \/ Yoast SEO plugin. -->","yoast_head_json":{"title":"Wine shop on the square - V\u00edno Radosti - Kr\u00e1sa v\u00edna Mikulovska","description":"Vinot\u00e9ka na N\u00e1m\u011bst\u00ed je nov\u011b zrekonstruovan\u00e1 vinot\u00e9ka v sam\u00e9m srdci Mikulova nab\u00edz\u00ed stovky t\u011bch nejlep\u0161\u00edch v\u00edn v\u00fdhradn\u011b z m\u00edstn\u00ed produkce.","robots":{"index":"index","follow":"follow","max-snippet":"max-snippet:-1","max-image-preview":"max-image-preview:large","max-video-preview":"max-video-preview:-1"},"canonical":"https:\/\/www.vinoradosti.cz\/en\/vinoteka-na-namesti\/","og_locale":"en_US","og_type":"article","og_title":"Wine shop on the square - V\u00edno Radosti - Kr\u00e1sa v\u00edna Mikulovska","og_description":"Vinot\u00e9ka na N\u00e1m\u011bst\u00ed je nov\u011b zrekonstruovan\u00e1 vinot\u00e9ka v sam\u00e9m srdci Mikulova nab\u00edz\u00ed stovky t\u011bch nejlep\u0161\u00edch v\u00edn v\u00fdhradn\u011b z m\u00edstn\u00ed produkce.","og_url":"https:\/\/www.vinoradosti.cz\/en\/vinoteka-na-namesti\/","og_site_name":"V\u00edno Radosti","article_modified_time":"2026-03-13T15:23:50+00:00","twitter_card":"summary_large_image","twitter_misc":{"Est. reading time":"1 minute"},"schema":{"@context":"https:\/\/schema.org","@graph":[{"@type":"WebPage","@id":"https:\/\/www.vinoradosti.cz\/en\/vinoteka-na-namesti\/","url":"https:\/\/www.vinoradosti.cz\/en\/vinoteka-na-namesti\/","name":"Wine shop on the square - V\u00edno Radosti - Kr\u00e1sa v\u00edna Mikulovska","isPartOf":{"@id":"https:\/\/www.vinoradosti.cz\/en\/#website"},"datePublished":"2020-08-04T19:55:59+00:00","dateModified":"2026-03-13T15:23:50+00:00","description":"Vinot\u00e9ka na N\u00e1m\u011bst\u00ed je nov\u011b zrekonstruovan\u00e1 vinot\u00e9ka v sam\u00e9m srdci Mikulova nab\u00edz\u00ed stovky t\u011bch nejlep\u0161\u00edch v\u00edn v\u00fdhradn\u011b z m\u00edstn\u00ed produkce.","breadcrumb":{"@id":"https:\/\/www.vinoradosti.cz\/en\/vinoteka-na-namesti\/#breadcrumb"},"inLanguage":"en-US","potentialAction":[{"@type":"ReadAction","target":["https:\/\/www.vinoradosti.cz\/en\/vinoteka-na-namesti\/"]}]},{"@type":"BreadcrumbList","@id":"https:\/\/www.vinoradosti.cz\/en\/vinoteka-na-namesti\/#breadcrumb","itemListElement":[{"@type":"ListItem","position":1,"name":"Dom\u016f","item":"https:\/\/www.vinoradosti.cz\/en\/"},{"@type":"ListItem","position":2,"name":"Wine shop on the square"}]},{"@type":"WebSite","@id":"https:\/\/www.vinoradosti.cz\/en\/#website","url":"https:\/\/www.vinoradosti.cz\/en\/","name":"V\u00edno Radosti","description":"Objevte kr\u00e1su \u017eivota s na\u0161imi v\u00edny","publisher":{"@id":"https:\/\/www.vinoradosti.cz\/en\/#organization"},"potentialAction":[{"@type":"SearchAction","target":{"@type":"EntryPoint","urlTemplate":"https:\/\/www.vinoradosti.cz\/en\/?s={search_term_string}"},"query-input":{"@type":"PropertyValueSpecification","valueRequired":true,"valueName":"search_term_string"}}],"inLanguage":"en-US"},{"@type":"Organization","@id":"https:\/\/www.vinoradosti.cz\/en\/#organization","name":"V\u00edno \u0160\u00edlov\u00e1","url":"https:\/\/www.vinoradosti.cz\/en\/","logo":{"@type":"ImageObject","inLanguage":"en-US","@id":"https:\/\/www.vinoradosti.cz\/en\/#\/schema\/logo\/image\/","url":"https:\/\/vinosilova.cz\/wp-content\/uploads\/2020\/05\/logo.png","contentUrl":"https:\/\/vinosilova.cz\/wp-content\/uploads\/2020\/05\/logo.png","width":175,"height":174,"caption":"V\u00edno \u0160\u00edlov\u00e1"},"image":{"@id":"https:\/\/www.vinoradosti.cz\/en\/#\/schema\/logo\/image\/"}}]}},"_links":{"self":[{"href":"https:\/\/www.vinoradosti.cz\/en\/wp-json\/wp\/v2\/pages\/13645","targetHints":{"allow":["GET"]}}],"collection":[{"href":"https:\/\/www.vinoradosti.cz\/en\/wp-json\/wp\/v2\/pages"}],"about":[{"href":"https:\/\/www.vinoradosti.cz\/en\/wp-json\/wp\/v2\/types\/page"}],"author":[{"embeddable":true,"href":"https:\/\/www.vinoradosti.cz\/en\/wp-json\/wp\/v2\/users\/1"}],"replies":[{"embeddable":true,"href":"https:\/\/www.vinoradosti.cz\/en\/wp-json\/wp\/v2\/comments?post=13645"}],"version-history":[{"count":10,"href":"https:\/\/www.vinoradosti.cz\/en\/wp-json\/wp\/v2\/pages\/13645\/revisions"}],"predecessor-version":[{"id":13865,"href":"https:\/\/www.vinoradosti.cz\/en\/wp-json\/wp\/v2\/pages\/13645\/revisions\/13865"}],"wp:attachment":[{"href":"https:\/\/www.vinoradosti.cz\/en\/wp-json\/wp\/v2\/media?parent=13645"}],"curies":[{"name":"wp","href":"https:\/\/api.w.org\/{rel}","templated":true}]}}