{"id":14003,"date":"2023-03-07T07:50:09","date_gmt":"2023-03-07T06:50:09","guid":{"rendered":"https:\/\/vinoradosti.cz\/vseobecne-obchodni-pomniky\/"},"modified":"2026-03-24T09:33:31","modified_gmt":"2026-03-24T08:33:31","slug":"vseobecne-obchodni-pomniky","status":"publish","type":"page","link":"https:\/\/www.vinoradosti.cz\/de\/vseobecne-obchodni-pomniky\/","title":{"rendered":"Allgemeine Gesch\u00e4ftsbedingungen"},"content":{"rendered":"<p>[et_pb_section fb_built=&#8220;1&#8243; admin_label=&#8220;Fresh Ingredients&#8220; _builder_version=&#8220;4.20.1&#8243; background_enable_color=&#8220;off&#8220; custom_padding=&#8220;8px|0px|8px|0px|false|false&#8220; hover_enabled=&#8220;0&#8243; global_colors_info=&#8220;{}&#8220; sticky_enabled=&#8220;0&#8243;][et_pb_row _builder_version=&#8220;4.16&#8243; _module_preset=&#8220;default&#8220; global_colors_info=&#8220;{}&#8220;][et_pb_column type=&#8220;4_4&#8243; _builder_version=&#8220;4.16&#8243; _module_preset=&#8220;default&#8220; global_colors_info=&#8220;{}&#8220;][et_pb_text _builder_version=&#8220;4.20.1&#8243; header_4_font=&#8220;Bellefair||||||||&#8220; header_4_text_color=&#8220;#000000&#8243; header_4_font_size=&#8220;30px&#8220; custom_margin=&#8220;||-6px|||&#8220; custom_padding=&#8220;||0px|||&#8220; hover_enabled=&#8220;0&#8243; global_colors_info=&#8220;{}&#8220; text_orientation=&#8220;left&#8220; header_text_align=&#8220;left&#8220; header_2_text_align=&#8220;left&#8220; header_3_text_align=&#8220;left&#8220; header_4_text_align=&#8220;left&#8220; sticky_enabled=&#8220;0&#8243; module_alignment=&#8220;left&#8220;]<\/p>\n<p><strong>Obchodn\u00ed podm\u00ednky<\/strong><\/p>\n<p>Tyto podm\u00ednky plat\u00ed obecn\u011b pro v\u0161echny hotelov\u00e9 Hosty a Agentury, se kter\u00fdmi nen\u00ed sjedn\u00e1na p\u00edsemn\u00e1 smlouva o poskytov\u00e1n\u00ed slu\u017eeb.<\/p>\n<p>&nbsp;<\/p>\n<p><strong>\u00da\u010cASTN\u00cdCI OBCHODN\u00cdCH SLU\u017dEB:<\/strong><\/p>\n<p>firma V\u00edno \u0160\u00edlov\u00e1, s.r.o. se s\u00eddlem na adrese V\u00edde\u0148sk\u00e1 237\/5, Mikulov, 692 01 registrov\u00e1na pod identifika\u010dn\u00edm \u010d\u00edslem 08669287 (spole\u010dnost je zaps\u00e1na do obchodn\u00edho rejst\u0159\u00edku veden\u00e9ho u Krajsk\u00e9ho soudu v Brn\u011b v odd\u00edle C, vlo\u017ece 114776\/KSBR, (d\u00e1le jen jako \u201eubytovatel\u201c)<\/p>\n<ul>\n<li>objednatel \u2013 jako fyzick\u00e1 \u010di pr\u00e1vnick\u00e1 osoba (d\u00e1le jen \u201eobjednatel\u201c)<\/li>\n<\/ul>\n<p><strong>\u00a0<\/strong><\/p>\n<p><strong>REZERVACE UBYTOV\u00c1N\u00cd A SLU\u017dEB:<\/strong><\/p>\n<ul>\n<li>Rezervace ubytov\u00e1n\u00ed a dal\u0161\u00edch slu\u017eeb ve v\u0161ech ubytovac\u00edch za\u0159\u00edzen\u00edch, kter\u00e9 ubytovatel provozuje, a potvrzen\u00ed t\u00e9to rezervace ze strany ubytovatele je mo\u017en\u00e1 p\u00edsemn\u011b, tj. emailem, telefonicky, na recepci, nebo prost\u0159ednictv\u00edm rezerva\u010dn\u00edho formul\u00e1\u0159e na webu.<\/li>\n<li>Rezervace se pova\u017euje za platnou a z\u00e1vaznou v p\u0159\u00edpad\u011b, \u017ee ubytovatel p\u00edsemn\u011b potvrd\u00ed objednateli provedenou rezervaci nebo za\u0161le automatick\u00e9 emailov\u00e9 potvrzen\u00ed generovan\u00e9 p\u0159\u00edslu\u0161n\u00fdm online rezerva\u010dn\u00edm syst\u00e9mem.<\/li>\n<li>Nen\u00ed-li v potvrzen\u00ed rezervace uvedeno jinak, rezervace je dokon\u010dena pomoc\u00ed platebn\u00ed karty nebo uhrazen\u00edm z\u00e1lohy ve v\u00fd\u0161i objednan\u00e9ho ubytov\u00e1n\u00ed a slu\u017eeb. Mohou b\u00fdt stanoveny individu\u00e1ln\u00ed podm\u00ednky.<\/li>\n<li>V p\u0159\u00edpad\u011b, \u017ee ubytovatel nebo objednatel nespln\u00ed podm\u00ednky, kter\u00e9 jsou uvedeny v p\u0159edchoz\u00edm bodu, ubytovatel nemus\u00ed ubytov\u00e1n\u00ed a slu\u017eby poskytnout.<\/li>\n<li>\u00dadaje, kter\u00e9 jsou uvedeny v potvrzen\u00ed rezervace, jsou z\u00e1vazn\u00e9 pro ob\u011b strany.<\/li>\n<\/ul>\n<p>&nbsp;<\/p>\n<p><strong>CENY, STORNOVAC\u00cd A PLATEBN\u00cd PODM\u00cdNKY:<\/strong><\/p>\n<ul>\n<li>Cena je uvedena za pokoj a noc a m\u011bn\u00ed se vzhledem k po\u010dtu osob, kter\u00e9 objednatel zvol\u00ed v rezervaci.<\/li>\n<li>V cen\u011b ubytov\u00e1n\u00ed je zahrnuto DPH ve v\u00fd\u0161i 10 %. M\u011bstsk\u00fd poplatek ve v\u00fd\u0161i 35 K\u010d\/osoba\/noc nen\u00ed zahrnut v cen\u011b ubytov\u00e1n\u00ed.<\/li>\n<li>Zru\u0161en\u00ed potvrzen\u00e9 rezervace je mo\u017en\u00e9 u\u010dinit rovn\u011b\u017e pouze p\u00edsemnou formou, tedy emailem. P\u0159esn\u00fd zp\u016fsob zru\u0161en\u00ed rezervace je dan\u00fd rezerva\u010dn\u00edm syst\u00e9mem, kter\u00fd byl pro rezervaci vyu\u017eit.<\/li>\n<li>P\u0159i zru\u0161en\u00ed rezervace, kter\u00e1 byla zad\u00e1na p\u0159es extern\u00ed poskytovatele (nap\u0159. booking.com) je nutn\u00e9 rezervaci zru\u0161it takt\u00e9\u017e p\u0159es tohoto poskytovatele zp\u016fsobem, kter\u00fd poskytovatel vy\u017eaduje a za podm\u00ednek rezervace.<\/li>\n<li>Zm\u011bna rezervace, tj. p\u0159esun objednan\u00fdch slu\u017eeb na jin\u00fd term\u00edn je pova\u017eov\u00e1n za zru\u0161en\u00ed p\u016fvodn\u00ed rezervace a \u0159\u00edd\u00ed se stejn\u00fdm re\u017eimem jako zru\u0161en\u00ed rezervace.<\/li>\n<li>Ubytov\u00e1n\u00ed je mo\u017en\u00e9 uhradit kreditn\u00ed\/platebn\u00ed kartou online, \u010d\u00e1stka bude \u00fa\u010dtov\u00e1na v m\u011bn\u011b CZK.<\/li>\n<li>Hotel si vyhrazuje pr\u00e1vo p\u0159edb\u011b\u017en\u00e9 p\u0159ed-autorizace karty objednatele a\u017e do v\u00fd\u0161e celkov\u00e9 \u010d\u00e1stky za ubytov\u00e1n\u00ed.<\/li>\n<li>V p\u0159\u00edpad\u011b tzv. nevratn\u00fdch rezervac\u00ed si ubytovatel \u00fa\u010dtuje pobyt v pln\u00e9 v\u00fd\u0161i v den proveden\u00ed rezervace.<\/li>\n<li>V p\u0159\u00edpad\u011b rezervac\u00ed s mo\u017enost\u00ed storna se ubytovatel \u0159\u00edd\u00ed podm\u00ednkami uveden\u00fdmi v rezervaci. P\u0159i zru\u0161en\u00ed pobytu m\u00e9n\u011b ne\u017e 10 dn\u00ed p\u0159ed p\u0159\u00edjezdem \u010din\u00ed storno poplatek 50% ceny rezervace. P\u0159i zru\u0161en\u00ed pobytu m\u00e9n\u011b ne\u017e 5 dn\u00ed p\u0159ed p\u0159\u00edjezdem \u010din\u00ed storno poplatek 100% ceny rezervace.<\/li>\n<li>V p\u0159\u00edpad\u011b nedojezdu hosta je rezervace stornov\u00e1na a ubytovatel je opr\u00e1vn\u011bn \u00fa\u010dtovat n\u00e1klady na cel\u00fd pobyt, pokud nen\u00ed stanoveno jinak.<\/li>\n<\/ul>\n<p>&nbsp;<\/p>\n<p><strong>PR\u00c1VA A POVINNOSTI HOSTA:<\/strong><\/p>\n<ul>\n<li>Host m\u00e1 pr\u00e1vo u\u017e\u00edvat rezervovan\u00fdch prostor a jejich vybaven\u00ed, stejn\u011b tak jako vybaven\u00ed spole\u010dn\u00fdch prostor.<\/li>\n<li>Host je odpov\u011bdn\u00fd za v\u0161echny \u0161kody zp\u016fsoben\u00e9 v pokoji b\u011bhem pobytu a souhlas\u00ed s t\u00edm, \u017ee uhrad\u00ed p\u0159\u00edpadn\u00e9 n\u00e1klady na opravy, v\u00fdm\u011bny nebo zvl\u00e1\u0161tn\u00ed \u010di\u0161t\u011bn\u00ed. V\u00fd\u0161e \u00fahrady bude ur\u010dena ubytovatelem.<\/li>\n<li>Host je povinen ve\u0161ker\u00e9 z\u00e1vady a p\u0159\u00edpadn\u00e9 nedostatky reklamovat b\u011bhem sv\u00e9ho pobytu u ubytovatele, aby mohla b\u00fdt sjedn\u00e1na n\u00e1prava.<\/li>\n<li>Host je povinen nejpozd\u011bji v den odjezdu uhradit n\u00e1klady spojen\u00e9 s vyu\u017eit\u00edm slu\u017eeb ubytovatele, v\u010detn\u011b dopl\u0148kov\u00fdch slu\u017eeb, nebylo-li dohodnuto jinak. V p\u0159\u00edpad\u011b neuhrazen\u00ed \u010d\u00e1stky je ubytovatel opr\u00e1vn\u011bn \u00fa\u010dtovat odpov\u00eddaj\u00edc\u00ed \u010d\u00e1stku z platebn\u00ed karty hosta po jeho odjezdu \u010di vystavit fakturu k \u00fahrad\u011b bankovn\u00edm p\u0159evodem.<\/li>\n<li>Objednatel m\u016f\u017ee odstoupit od smlouvy na z\u00e1klad\u011b stornovac\u00edch podm\u00ednek nebo v p\u0159\u00edpad\u011b, \u017ee ubytovatel neposkytl objednateli p\u0159edem dohodnut\u00e9 slu\u017eby odpov\u00eddaj\u00edc\u00ed standardu dan\u00e9ho ubytov\u00e1n\u00ed.<\/li>\n<li>Doba p\u0159ihl\u00e1\u0161en\u00ed do hotelu je od 15:00 do 20:00 v den p\u0159\u00edjezdu. D\u0159\u00edv\u011bj\u0161\u00ed a pozd\u011bj\u0161\u00ed p\u0159ihl\u00e1\u0161en\u00ed je mo\u017en\u00e9 pouze po dohod\u011b s ubytovatelem.<\/li>\n<li>Doba odhl\u00e1\u0161en\u00ed je do 10:00\/<strong>11:00<\/strong>v den odjezdu. Pozdn\u00ed odhl\u00e1\u0161en\u00ed je mo\u017en\u00e9 pouze po dohod\u011b s ubytovatelem.<\/li>\n<li>V\u0161echna na\u0161e ubytovac\u00ed za\u0159\u00edzen\u00ed jsou neku\u0159\u00e1ck\u00e1. Poru\u0161en\u00ed tohoto na\u0159\u00edzen\u00ed a kou\u0159en\u00ed v pokoji \u010di vnit\u0159n\u00edch prostor\u00e1ch oprav\u0148uje ubytovatele, aby objednateli na\u00fa\u010dtoval pen\u00e1le ve v\u00fd\u0161i 100 EUR za vy\u010di\u0161t\u011bn\u00ed pokoje \u010di prostor ubytovac\u00edho za\u0159\u00edzen\u00ed.<\/li>\n<li>V rozmez\u00ed od 22:00 a 6:00 je doba no\u010dn\u00edho klidu. Chov\u00e1n\u00ed, kter\u00e9 vede k ru\u0161en\u00ed ostatn\u00edch host\u016f v dob\u011b no\u010dn\u00edho klidu, je p\u0159\u00edsn\u011b zak\u00e1z\u00e1no (zahrnuje hlasit\u00fd poslech hudby, televize, k\u0159ik v pokoj\u00edch, chodb\u00e1ch, i venkovn\u00edch prostor\u00e1ch ubytovac\u00edch za\u0159\u00edzen\u00ed a dal\u0161\u00ed ru\u0161iv\u00e9 chov\u00e1n\u00ed). V p\u0159\u00edpad\u011b v\u00e1\u017en\u00e9ho poru\u0161en\u00ed tohoto pravidla m\u016f\u017ee ubytovatel penalizovat hosty finan\u010dn\u00ed pokutou, v nutn\u00fdch p\u0159\u00edpadech volat policii \u010cR.<\/li>\n<li>Zv\u00ed\u0159ata nemohou b\u00fdt ubytov\u00e1v\u00e1na.<\/li>\n<\/ul>\n<p>&nbsp;<\/p>\n<p><strong>MIMOSOUDN\u00cd \u0158E\u0160EN\u00cd SPOT\u0158EBITELSK\u00ddCH SPOR\u016e:<\/strong><\/p>\n<p>Ubytovan\u00fd host m\u00e1 pr\u00e1vo podat n\u00e1vrh na mimosoudn\u00ed \u0159e\u0161en\u00ed takov\u00e9ho sporu ur\u010den\u00e9mu subjektu mimosoudn\u00edho \u0159e\u0161en\u00ed spot\u0159ebitelsk\u00fdch spor\u016f, kter\u00fdm je:<\/p>\n<p>\u010cesk\u00e1 obchodn\u00ed inspekce<br \/>\u00dast\u0159edn\u00ed inspektor\u00e1t \u2013 odd\u011blen\u00ed ADR<br \/>\u0160t\u011bp\u00e1nsk\u00e1 15<br \/>120 00 Praha 2<br \/>Email:\u00a0<a href=\"mailto:adr@coi.cz\">adr@coi.cz<\/a><br \/>Web:\u00a0<a href=\"https:\/\/adr.coi.cz\/\">https:\/\/adr.coi.cz<\/a><\/p>\n<p>\u010cesk\u00e1 obchodn\u00ed inspekce je dozorov\u00fdm org\u00e1nem vykon\u00e1vaj\u00edc\u00edm dohled nad ochranou spot\u0159ebitele, postupuj\u00edc\u00ed podle z\u00e1kona \u010d. 64\/1986 Sb., o \u010cesk\u00e9 obchodn\u00ed inspekci, ve zn\u011bn\u00ed pozd\u011bj\u0161\u00edch p\u0159edpis\u016f, a dal\u0161\u00edch pr\u00e1vn\u00edch p\u0159edpis\u016f. Internetov\u00e1 str\u00e1nka \u010cesk\u00e9 obchodn\u00ed inspekce je\u00a0<a href=\"http:\/\/www.coi.cz\/\">www.coi.cz<\/a>.<br \/>V souladu s ustanoven\u00edm \u00a7 1837 p\u00edsmeno j) z\u00e1kona \u010d. 89\/2012 Sb., ob\u010dansk\u00fd z\u00e1kon\u00edk ubytovan\u00e9mu jako spot\u0159ebiteli nevznik\u00e1 pr\u00e1vo na odstoupen\u00ed od smlouvy o ubytov\u00e1n\u00ed, pokud ubytovac\u00ed za\u0159\u00edzen\u00ed poskytuje pln\u011bn\u00ed v ur\u010den\u00e9m term\u00ednu.<\/p>\n<p>&nbsp;<\/p>\n<p><strong>PR\u00c1VA A POVINNOSTI UBYTOVATELE:<\/strong><\/p>\n<ul>\n<li>Ubytovatel je povinen pro objednatele zajistit ubytov\u00e1n\u00ed na z\u00e1klad\u011b p\u0159edem dohodnut\u00fdch slu\u017eeb, kter\u00e9 odpov\u00eddaj\u00ed standardu dan\u00e9ho ubytovac\u00edho za\u0159\u00edzen\u00ed.<\/li>\n<li>V p\u0159\u00edpad\u011b, \u017ee ubytovatel nem\u016f\u017ee objednatele ubytovat na z\u00e1klad\u011b p\u0159edem vytvo\u0159en\u00e9 a potvrzen\u00e9 rezervace, ubytovatel m\u00e1 povinnost zajistit pro objednatele n\u00e1hradn\u00ed ubytov\u00e1n\u00ed.<\/li>\n<\/ul>\n<p>&nbsp;<\/p>\n<p><strong>Z\u00c1V\u011aRE\u010cN\u00c1 USTANOVEN\u00cd:<\/strong><\/p>\n<ul>\n<li>Tyto podm\u00ednky jsou platn\u00e9 od 1. 11. 2022. Ubytovatel si vyhrazuje pr\u00e1vo na jejich zm\u011bny a objednatel je povinen se \u0159\u00eddit aktu\u00e1ln\u00edmi podm\u00ednkami.<\/li>\n<li>Ubytovatel shroma\u017e\u010fuje osobn\u00ed \u00fadaje objednatele pro \u00fa\u010dely poskytov\u00e1n\u00ed sjednan\u00fdch slu\u017eeb a tyto \u00fadaje neposkytuje dal\u0161\u00edm osob\u00e1m.<\/li>\n<\/ul>\n<p>&nbsp;<\/p>\n<p>[\/et_pb_text][\/et_pb_column][\/et_pb_row][\/et_pb_section]<\/p>\n","protected":false},"excerpt":{"rendered":"<p>Obchodn\u00ed podm\u00ednky Tyto podm\u00ednky plat\u00ed obecn\u011b pro&#8230;<\/p>\n","protected":false},"author":1,"featured_media":0,"parent":0,"menu_order":0,"comment_status":"closed","ping_status":"closed","template":"","meta":{"_acf_changed":false,"_et_pb_use_builder":"on","_et_pb_old_content":"","_et_gb_content_width":"","inline_featured_image":false,"footnotes":""},"class_list":["post-14003","page","type-page","status-publish","hentry"],"acf":[],"yoast_head":"<!-- This site is optimized with the Yoast SEO plugin v27.5 - https:\/\/yoast.com\/product\/yoast-seo-wordpress\/ -->\n<title>Allgemeine Gesch\u00e4ftsbedingungen - V\u00edno Radosti<\/title>\n<meta name=\"robots\" content=\"index, follow, max-snippet:-1, max-image-preview:large, max-video-preview:-1\" \/>\n<link rel=\"canonical\" href=\"https:\/\/www.vinoradosti.cz\/de\/vseobecne-obchodni-pomniky\/\" \/>\n<meta property=\"og:locale\" content=\"de_DE\" \/>\n<meta property=\"og:type\" content=\"article\" \/>\n<meta property=\"og:title\" content=\"Allgemeine Gesch\u00e4ftsbedingungen - V\u00edno Radosti\" \/>\n<meta property=\"og:description\" content=\"Obchodn\u00ed podm\u00ednky Tyto podm\u00ednky plat\u00ed obecn\u011b pro...\" \/>\n<meta property=\"og:url\" content=\"https:\/\/www.vinoradosti.cz\/de\/vseobecne-obchodni-pomniky\/\" \/>\n<meta property=\"og:site_name\" content=\"V\u00edno Radosti\" \/>\n<meta property=\"article:modified_time\" content=\"2026-03-24T08:33:31+00:00\" \/>\n<meta name=\"twitter:card\" content=\"summary_large_image\" \/>\n<meta name=\"twitter:label1\" content=\"Gesch\u00e4tzte Lesezeit\" \/>\n\t<meta name=\"twitter:data1\" content=\"5\u00a0Minuten\" \/>\n<script type=\"application\/ld+json\" class=\"yoast-schema-graph\">{\"@context\":\"https:\\\/\\\/schema.org\",\"@graph\":[{\"@type\":\"WebPage\",\"@id\":\"https:\\\/\\\/www.vinoradosti.cz\\\/de\\\/vseobecne-obchodni-pomniky\\\/\",\"url\":\"https:\\\/\\\/www.vinoradosti.cz\\\/de\\\/vseobecne-obchodni-pomniky\\\/\",\"name\":\"Allgemeine Gesch\u00e4ftsbedingungen - V\u00edno Radosti\",\"isPartOf\":{\"@id\":\"https:\\\/\\\/www.vinoradosti.cz\\\/de\\\/#website\"},\"datePublished\":\"2023-03-07T06:50:09+00:00\",\"dateModified\":\"2026-03-24T08:33:31+00:00\",\"breadcrumb\":{\"@id\":\"https:\\\/\\\/www.vinoradosti.cz\\\/de\\\/vseobecne-obchodni-pomniky\\\/#breadcrumb\"},\"inLanguage\":\"de\",\"potentialAction\":[{\"@type\":\"ReadAction\",\"target\":[\"https:\\\/\\\/www.vinoradosti.cz\\\/de\\\/vseobecne-obchodni-pomniky\\\/\"]}]},{\"@type\":\"BreadcrumbList\",\"@id\":\"https:\\\/\\\/www.vinoradosti.cz\\\/de\\\/vseobecne-obchodni-pomniky\\\/#breadcrumb\",\"itemListElement\":[{\"@type\":\"ListItem\",\"position\":1,\"name\":\"Dom\u016f\",\"item\":\"https:\\\/\\\/www.vinoradosti.cz\\\/de\\\/\"},{\"@type\":\"ListItem\",\"position\":2,\"name\":\"Allgemeine Gesch\u00e4ftsbedingungen\"}]},{\"@type\":\"WebSite\",\"@id\":\"https:\\\/\\\/www.vinoradosti.cz\\\/de\\\/#website\",\"url\":\"https:\\\/\\\/www.vinoradosti.cz\\\/de\\\/\",\"name\":\"V\u00edno Radosti\",\"description\":\"Objevte kr\u00e1su \u017eivota s na\u0161imi v\u00edny\",\"publisher\":{\"@id\":\"https:\\\/\\\/www.vinoradosti.cz\\\/de\\\/#organization\"},\"potentialAction\":[{\"@type\":\"SearchAction\",\"target\":{\"@type\":\"EntryPoint\",\"urlTemplate\":\"https:\\\/\\\/www.vinoradosti.cz\\\/de\\\/?s={search_term_string}\"},\"query-input\":{\"@type\":\"PropertyValueSpecification\",\"valueRequired\":true,\"valueName\":\"search_term_string\"}}],\"inLanguage\":\"de\"},{\"@type\":\"Organization\",\"@id\":\"https:\\\/\\\/www.vinoradosti.cz\\\/de\\\/#organization\",\"name\":\"V\u00edno \u0160\u00edlov\u00e1\",\"url\":\"https:\\\/\\\/www.vinoradosti.cz\\\/de\\\/\",\"logo\":{\"@type\":\"ImageObject\",\"inLanguage\":\"de\",\"@id\":\"https:\\\/\\\/www.vinoradosti.cz\\\/de\\\/#\\\/schema\\\/logo\\\/image\\\/\",\"url\":\"https:\\\/\\\/vinosilova.cz\\\/wp-content\\\/uploads\\\/2020\\\/05\\\/logo.png\",\"contentUrl\":\"https:\\\/\\\/vinosilova.cz\\\/wp-content\\\/uploads\\\/2020\\\/05\\\/logo.png\",\"width\":175,\"height\":174,\"caption\":\"V\u00edno \u0160\u00edlov\u00e1\"},\"image\":{\"@id\":\"https:\\\/\\\/www.vinoradosti.cz\\\/de\\\/#\\\/schema\\\/logo\\\/image\\\/\"}}]}<\/script>\n<!-- \/ Yoast SEO plugin. -->","yoast_head_json":{"title":"Allgemeine Gesch\u00e4ftsbedingungen - V\u00edno Radosti","robots":{"index":"index","follow":"follow","max-snippet":"max-snippet:-1","max-image-preview":"max-image-preview:large","max-video-preview":"max-video-preview:-1"},"canonical":"https:\/\/www.vinoradosti.cz\/de\/vseobecne-obchodni-pomniky\/","og_locale":"de_DE","og_type":"article","og_title":"Allgemeine Gesch\u00e4ftsbedingungen - V\u00edno Radosti","og_description":"Obchodn\u00ed podm\u00ednky Tyto podm\u00ednky plat\u00ed obecn\u011b pro...","og_url":"https:\/\/www.vinoradosti.cz\/de\/vseobecne-obchodni-pomniky\/","og_site_name":"V\u00edno Radosti","article_modified_time":"2026-03-24T08:33:31+00:00","twitter_card":"summary_large_image","twitter_misc":{"Gesch\u00e4tzte Lesezeit":"5\u00a0Minuten"},"schema":{"@context":"https:\/\/schema.org","@graph":[{"@type":"WebPage","@id":"https:\/\/www.vinoradosti.cz\/de\/vseobecne-obchodni-pomniky\/","url":"https:\/\/www.vinoradosti.cz\/de\/vseobecne-obchodni-pomniky\/","name":"Allgemeine Gesch\u00e4ftsbedingungen - V\u00edno Radosti","isPartOf":{"@id":"https:\/\/www.vinoradosti.cz\/de\/#website"},"datePublished":"2023-03-07T06:50:09+00:00","dateModified":"2026-03-24T08:33:31+00:00","breadcrumb":{"@id":"https:\/\/www.vinoradosti.cz\/de\/vseobecne-obchodni-pomniky\/#breadcrumb"},"inLanguage":"de","potentialAction":[{"@type":"ReadAction","target":["https:\/\/www.vinoradosti.cz\/de\/vseobecne-obchodni-pomniky\/"]}]},{"@type":"BreadcrumbList","@id":"https:\/\/www.vinoradosti.cz\/de\/vseobecne-obchodni-pomniky\/#breadcrumb","itemListElement":[{"@type":"ListItem","position":1,"name":"Dom\u016f","item":"https:\/\/www.vinoradosti.cz\/de\/"},{"@type":"ListItem","position":2,"name":"Allgemeine Gesch\u00e4ftsbedingungen"}]},{"@type":"WebSite","@id":"https:\/\/www.vinoradosti.cz\/de\/#website","url":"https:\/\/www.vinoradosti.cz\/de\/","name":"V\u00edno Radosti","description":"Objevte kr\u00e1su \u017eivota s na\u0161imi v\u00edny","publisher":{"@id":"https:\/\/www.vinoradosti.cz\/de\/#organization"},"potentialAction":[{"@type":"SearchAction","target":{"@type":"EntryPoint","urlTemplate":"https:\/\/www.vinoradosti.cz\/de\/?s={search_term_string}"},"query-input":{"@type":"PropertyValueSpecification","valueRequired":true,"valueName":"search_term_string"}}],"inLanguage":"de"},{"@type":"Organization","@id":"https:\/\/www.vinoradosti.cz\/de\/#organization","name":"V\u00edno \u0160\u00edlov\u00e1","url":"https:\/\/www.vinoradosti.cz\/de\/","logo":{"@type":"ImageObject","inLanguage":"de","@id":"https:\/\/www.vinoradosti.cz\/de\/#\/schema\/logo\/image\/","url":"https:\/\/vinosilova.cz\/wp-content\/uploads\/2020\/05\/logo.png","contentUrl":"https:\/\/vinosilova.cz\/wp-content\/uploads\/2020\/05\/logo.png","width":175,"height":174,"caption":"V\u00edno \u0160\u00edlov\u00e1"},"image":{"@id":"https:\/\/www.vinoradosti.cz\/de\/#\/schema\/logo\/image\/"}}]}},"_links":{"self":[{"href":"https:\/\/www.vinoradosti.cz\/de\/wp-json\/wp\/v2\/pages\/14003","targetHints":{"allow":["GET"]}}],"collection":[{"href":"https:\/\/www.vinoradosti.cz\/de\/wp-json\/wp\/v2\/pages"}],"about":[{"href":"https:\/\/www.vinoradosti.cz\/de\/wp-json\/wp\/v2\/types\/page"}],"author":[{"embeddable":true,"href":"https:\/\/www.vinoradosti.cz\/de\/wp-json\/wp\/v2\/users\/1"}],"replies":[{"embeddable":true,"href":"https:\/\/www.vinoradosti.cz\/de\/wp-json\/wp\/v2\/comments?post=14003"}],"version-history":[{"count":4,"href":"https:\/\/www.vinoradosti.cz\/de\/wp-json\/wp\/v2\/pages\/14003\/revisions"}],"predecessor-version":[{"id":14061,"href":"https:\/\/www.vinoradosti.cz\/de\/wp-json\/wp\/v2\/pages\/14003\/revisions\/14061"}],"wp:attachment":[{"href":"https:\/\/www.vinoradosti.cz\/de\/wp-json\/wp\/v2\/media?parent=14003"}],"curies":[{"name":"wp","href":"https:\/\/api.w.org\/{rel}","templated":true}]}}