{"id":13661,"date":"2020-08-04T21:55:59","date_gmt":"2020-08-04T19:55:59","guid":{"rendered":"https:\/\/vinoradosti.cz\/vinoteka-na-namesti\/"},"modified":"2026-03-13T16:25:34","modified_gmt":"2026-03-13T15:25:34","slug":"vinoteka-na-namesti","status":"publish","type":"page","link":"https:\/\/www.vinoradosti.cz\/de\/vinoteka-na-namesti\/","title":{"rendered":"Weinhandlung auf dem Platz"},"content":{"rendered":"<p>[et_pb_section fb_built=&#8220;1&#8243; _builder_version=&#8220;4.27.3&#8243; _module_preset=&#8220;default&#8220; global_colors_info=&#8220;{}&#8220;][et_pb_row _builder_version=&#8220;4.27.3&#8243; _module_preset=&#8220;default&#8220; global_colors_info=&#8220;{}&#8220;][et_pb_column type=&#8220;4_4&#8243; _builder_version=&#8220;4.27.3&#8243; _module_preset=&#8220;default&#8220; global_colors_info=&#8220;{}&#8220;][et_pb_text _builder_version=&#8220;4.27.3&#8243; _module_preset=&#8220;default&#8220; global_colors_info=&#8220;{}&#8220;]<\/p>\n<p>Die Vinothek im Herzen von Mikulov bietet Hunderte der besten Weine ausschlie\u00dflich aus lokaler Produktion zu Preisen, die mit denen direkt vom Winzer im Weinkeller vergleichbar sind.<\/p>\n<p>In den von dem weltbekannten Architekten Ivan Kroupa entworfenen R\u00e4umlichkeiten k\u00f6nnen Sie jeden Tag aus einer Auswahl von 24 Weinen aus offenen Flaschen verkosten, die mit der modernen italienischen Enomatic-Technologie ausgeschenkt werden. Runden Sie Ihren Besuch in unserer Vinothek mit einer Tasse exzellenten, frisch ger\u00f6steten Zermatt-Kaffees ab.\u00a0<\/p>\n<p>Die Enomatic-Technologie bewahrt alle Eigenschaften des Weins ohne die geringste Oxidation bis zu 3 Wochen lang. Die Spitzenqualit\u00e4t der angebotenen Weine wird durch die automatische Reinigung der D\u00fcsen gew\u00e4hrleistet. Die benutzerfreundliche, computergesteuerte Dosierung sorgt f\u00fcr ein entspanntes Verkostungserlebnis.<\/p>\n<p>[\/et_pb_text][\/et_pb_column][\/et_pb_row][\/et_pb_section]<\/p>\n","protected":false},"excerpt":{"rendered":"<p>Die Vinothek im Herzen von Mikulov bietet Hunderte&#8230;<\/p>\n","protected":false},"author":1,"featured_media":0,"parent":0,"menu_order":0,"comment_status":"closed","ping_status":"closed","template":"page-subpage.php","meta":{"_acf_changed":false,"_et_pb_use_builder":"on","_et_pb_old_content":"","_et_gb_content_width":"","inline_featured_image":false,"footnotes":""},"class_list":["post-13661","page","type-page","status-publish","hentry"],"acf":[],"yoast_head":"<!-- This site is optimized with the Yoast SEO plugin v27.5 - https:\/\/yoast.com\/product\/yoast-seo-wordpress\/ -->\n<title>Weinhandlung auf dem Platz - V\u00edno Radosti - Kr\u00e1sa v\u00edna Mikulovska<\/title>\n<meta name=\"description\" content=\"Vinot\u00e9ka na N\u00e1m\u011bst\u00ed je nov\u011b zrekonstruovan\u00e1 vinot\u00e9ka v sam\u00e9m srdci Mikulova nab\u00edz\u00ed stovky t\u011bch nejlep\u0161\u00edch v\u00edn v\u00fdhradn\u011b z m\u00edstn\u00ed produkce.\" \/>\n<meta name=\"robots\" content=\"index, follow, max-snippet:-1, max-image-preview:large, max-video-preview:-1\" \/>\n<link rel=\"canonical\" href=\"https:\/\/www.vinoradosti.cz\/de\/vinoteka-na-namesti\/\" \/>\n<meta property=\"og:locale\" content=\"de_DE\" \/>\n<meta property=\"og:type\" content=\"article\" \/>\n<meta property=\"og:title\" content=\"Weinhandlung auf dem Platz - V\u00edno Radosti - Kr\u00e1sa v\u00edna Mikulovska\" \/>\n<meta property=\"og:description\" content=\"Vinot\u00e9ka na N\u00e1m\u011bst\u00ed je nov\u011b zrekonstruovan\u00e1 vinot\u00e9ka v sam\u00e9m srdci Mikulova nab\u00edz\u00ed stovky t\u011bch nejlep\u0161\u00edch v\u00edn v\u00fdhradn\u011b z m\u00edstn\u00ed produkce.\" \/>\n<meta property=\"og:url\" content=\"https:\/\/www.vinoradosti.cz\/de\/vinoteka-na-namesti\/\" \/>\n<meta property=\"og:site_name\" content=\"V\u00edno Radosti\" \/>\n<meta property=\"article:modified_time\" content=\"2026-03-13T15:25:34+00:00\" \/>\n<meta name=\"twitter:card\" content=\"summary_large_image\" \/>\n<meta name=\"twitter:label1\" content=\"Gesch\u00e4tzte Lesezeit\" \/>\n\t<meta name=\"twitter:data1\" content=\"1\u00a0Minute\" \/>\n<script type=\"application\/ld+json\" class=\"yoast-schema-graph\">{\"@context\":\"https:\\\/\\\/schema.org\",\"@graph\":[{\"@type\":\"WebPage\",\"@id\":\"https:\\\/\\\/www.vinoradosti.cz\\\/de\\\/vinoteka-na-namesti\\\/\",\"url\":\"https:\\\/\\\/www.vinoradosti.cz\\\/de\\\/vinoteka-na-namesti\\\/\",\"name\":\"Weinhandlung auf dem Platz - V\u00edno Radosti - Kr\u00e1sa v\u00edna Mikulovska\",\"isPartOf\":{\"@id\":\"https:\\\/\\\/www.vinoradosti.cz\\\/de\\\/#website\"},\"datePublished\":\"2020-08-04T19:55:59+00:00\",\"dateModified\":\"2026-03-13T15:25:34+00:00\",\"description\":\"Vinot\u00e9ka na N\u00e1m\u011bst\u00ed je nov\u011b zrekonstruovan\u00e1 vinot\u00e9ka v sam\u00e9m srdci Mikulova nab\u00edz\u00ed stovky t\u011bch nejlep\u0161\u00edch v\u00edn v\u00fdhradn\u011b z m\u00edstn\u00ed produkce.\",\"breadcrumb\":{\"@id\":\"https:\\\/\\\/www.vinoradosti.cz\\\/de\\\/vinoteka-na-namesti\\\/#breadcrumb\"},\"inLanguage\":\"de\",\"potentialAction\":[{\"@type\":\"ReadAction\",\"target\":[\"https:\\\/\\\/www.vinoradosti.cz\\\/de\\\/vinoteka-na-namesti\\\/\"]}]},{\"@type\":\"BreadcrumbList\",\"@id\":\"https:\\\/\\\/www.vinoradosti.cz\\\/de\\\/vinoteka-na-namesti\\\/#breadcrumb\",\"itemListElement\":[{\"@type\":\"ListItem\",\"position\":1,\"name\":\"Dom\u016f\",\"item\":\"https:\\\/\\\/www.vinoradosti.cz\\\/de\\\/\"},{\"@type\":\"ListItem\",\"position\":2,\"name\":\"Weinhandlung auf dem Platz\"}]},{\"@type\":\"WebSite\",\"@id\":\"https:\\\/\\\/www.vinoradosti.cz\\\/de\\\/#website\",\"url\":\"https:\\\/\\\/www.vinoradosti.cz\\\/de\\\/\",\"name\":\"V\u00edno Radosti\",\"description\":\"Objevte kr\u00e1su \u017eivota s na\u0161imi v\u00edny\",\"publisher\":{\"@id\":\"https:\\\/\\\/www.vinoradosti.cz\\\/de\\\/#organization\"},\"potentialAction\":[{\"@type\":\"SearchAction\",\"target\":{\"@type\":\"EntryPoint\",\"urlTemplate\":\"https:\\\/\\\/www.vinoradosti.cz\\\/de\\\/?s={search_term_string}\"},\"query-input\":{\"@type\":\"PropertyValueSpecification\",\"valueRequired\":true,\"valueName\":\"search_term_string\"}}],\"inLanguage\":\"de\"},{\"@type\":\"Organization\",\"@id\":\"https:\\\/\\\/www.vinoradosti.cz\\\/de\\\/#organization\",\"name\":\"V\u00edno \u0160\u00edlov\u00e1\",\"url\":\"https:\\\/\\\/www.vinoradosti.cz\\\/de\\\/\",\"logo\":{\"@type\":\"ImageObject\",\"inLanguage\":\"de\",\"@id\":\"https:\\\/\\\/www.vinoradosti.cz\\\/de\\\/#\\\/schema\\\/logo\\\/image\\\/\",\"url\":\"https:\\\/\\\/vinosilova.cz\\\/wp-content\\\/uploads\\\/2020\\\/05\\\/logo.png\",\"contentUrl\":\"https:\\\/\\\/vinosilova.cz\\\/wp-content\\\/uploads\\\/2020\\\/05\\\/logo.png\",\"width\":175,\"height\":174,\"caption\":\"V\u00edno \u0160\u00edlov\u00e1\"},\"image\":{\"@id\":\"https:\\\/\\\/www.vinoradosti.cz\\\/de\\\/#\\\/schema\\\/logo\\\/image\\\/\"}}]}<\/script>\n<!-- \/ Yoast SEO plugin. -->","yoast_head_json":{"title":"Weinhandlung auf dem Platz - V\u00edno Radosti - Kr\u00e1sa v\u00edna Mikulovska","description":"Vinot\u00e9ka na N\u00e1m\u011bst\u00ed je nov\u011b zrekonstruovan\u00e1 vinot\u00e9ka v sam\u00e9m srdci Mikulova nab\u00edz\u00ed stovky t\u011bch nejlep\u0161\u00edch v\u00edn v\u00fdhradn\u011b z m\u00edstn\u00ed produkce.","robots":{"index":"index","follow":"follow","max-snippet":"max-snippet:-1","max-image-preview":"max-image-preview:large","max-video-preview":"max-video-preview:-1"},"canonical":"https:\/\/www.vinoradosti.cz\/de\/vinoteka-na-namesti\/","og_locale":"de_DE","og_type":"article","og_title":"Weinhandlung auf dem Platz - V\u00edno Radosti - Kr\u00e1sa v\u00edna Mikulovska","og_description":"Vinot\u00e9ka na N\u00e1m\u011bst\u00ed je nov\u011b zrekonstruovan\u00e1 vinot\u00e9ka v sam\u00e9m srdci Mikulova nab\u00edz\u00ed stovky t\u011bch nejlep\u0161\u00edch v\u00edn v\u00fdhradn\u011b z m\u00edstn\u00ed produkce.","og_url":"https:\/\/www.vinoradosti.cz\/de\/vinoteka-na-namesti\/","og_site_name":"V\u00edno Radosti","article_modified_time":"2026-03-13T15:25:34+00:00","twitter_card":"summary_large_image","twitter_misc":{"Gesch\u00e4tzte Lesezeit":"1\u00a0Minute"},"schema":{"@context":"https:\/\/schema.org","@graph":[{"@type":"WebPage","@id":"https:\/\/www.vinoradosti.cz\/de\/vinoteka-na-namesti\/","url":"https:\/\/www.vinoradosti.cz\/de\/vinoteka-na-namesti\/","name":"Weinhandlung auf dem Platz - V\u00edno Radosti - Kr\u00e1sa v\u00edna Mikulovska","isPartOf":{"@id":"https:\/\/www.vinoradosti.cz\/de\/#website"},"datePublished":"2020-08-04T19:55:59+00:00","dateModified":"2026-03-13T15:25:34+00:00","description":"Vinot\u00e9ka na N\u00e1m\u011bst\u00ed je nov\u011b zrekonstruovan\u00e1 vinot\u00e9ka v sam\u00e9m srdci Mikulova nab\u00edz\u00ed stovky t\u011bch nejlep\u0161\u00edch v\u00edn v\u00fdhradn\u011b z m\u00edstn\u00ed produkce.","breadcrumb":{"@id":"https:\/\/www.vinoradosti.cz\/de\/vinoteka-na-namesti\/#breadcrumb"},"inLanguage":"de","potentialAction":[{"@type":"ReadAction","target":["https:\/\/www.vinoradosti.cz\/de\/vinoteka-na-namesti\/"]}]},{"@type":"BreadcrumbList","@id":"https:\/\/www.vinoradosti.cz\/de\/vinoteka-na-namesti\/#breadcrumb","itemListElement":[{"@type":"ListItem","position":1,"name":"Dom\u016f","item":"https:\/\/www.vinoradosti.cz\/de\/"},{"@type":"ListItem","position":2,"name":"Weinhandlung auf dem Platz"}]},{"@type":"WebSite","@id":"https:\/\/www.vinoradosti.cz\/de\/#website","url":"https:\/\/www.vinoradosti.cz\/de\/","name":"V\u00edno Radosti","description":"Objevte kr\u00e1su \u017eivota s na\u0161imi v\u00edny","publisher":{"@id":"https:\/\/www.vinoradosti.cz\/de\/#organization"},"potentialAction":[{"@type":"SearchAction","target":{"@type":"EntryPoint","urlTemplate":"https:\/\/www.vinoradosti.cz\/de\/?s={search_term_string}"},"query-input":{"@type":"PropertyValueSpecification","valueRequired":true,"valueName":"search_term_string"}}],"inLanguage":"de"},{"@type":"Organization","@id":"https:\/\/www.vinoradosti.cz\/de\/#organization","name":"V\u00edno \u0160\u00edlov\u00e1","url":"https:\/\/www.vinoradosti.cz\/de\/","logo":{"@type":"ImageObject","inLanguage":"de","@id":"https:\/\/www.vinoradosti.cz\/de\/#\/schema\/logo\/image\/","url":"https:\/\/vinosilova.cz\/wp-content\/uploads\/2020\/05\/logo.png","contentUrl":"https:\/\/vinosilova.cz\/wp-content\/uploads\/2020\/05\/logo.png","width":175,"height":174,"caption":"V\u00edno \u0160\u00edlov\u00e1"},"image":{"@id":"https:\/\/www.vinoradosti.cz\/de\/#\/schema\/logo\/image\/"}}]}},"_links":{"self":[{"href":"https:\/\/www.vinoradosti.cz\/de\/wp-json\/wp\/v2\/pages\/13661","targetHints":{"allow":["GET"]}}],"collection":[{"href":"https:\/\/www.vinoradosti.cz\/de\/wp-json\/wp\/v2\/pages"}],"about":[{"href":"https:\/\/www.vinoradosti.cz\/de\/wp-json\/wp\/v2\/types\/page"}],"author":[{"embeddable":true,"href":"https:\/\/www.vinoradosti.cz\/de\/wp-json\/wp\/v2\/users\/1"}],"replies":[{"embeddable":true,"href":"https:\/\/www.vinoradosti.cz\/de\/wp-json\/wp\/v2\/comments?post=13661"}],"version-history":[{"count":7,"href":"https:\/\/www.vinoradosti.cz\/de\/wp-json\/wp\/v2\/pages\/13661\/revisions"}],"predecessor-version":[{"id":13867,"href":"https:\/\/www.vinoradosti.cz\/de\/wp-json\/wp\/v2\/pages\/13661\/revisions\/13867"}],"wp:attachment":[{"href":"https:\/\/www.vinoradosti.cz\/de\/wp-json\/wp\/v2\/media?parent=13661"}],"curies":[{"name":"wp","href":"https:\/\/api.w.org\/{rel}","templated":true}]}}